
{"id":6748,"date":"2022-01-13T20:58:18","date_gmt":"2022-01-13T19:58:18","guid":{"rendered":"https:\/\/mylike.io\/?page_id=6748"},"modified":"2022-01-16T17:08:21","modified_gmt":"2022-01-16T16:08:21","slug":"werkstudent-business-development","status":"publish","type":"page","link":"https:\/\/mylike.io\/de\/jobs\/werkstudent-business-development\/","title":{"rendered":"Werkstudent Business Development"},"content":{"rendered":"<p><div class=\"fusion-bg-parallax\" data-bg-align=\"center center\" data-direction=\"down\" data-mute=\"false\" data-opacity=\"100\" data-velocity=\"-0.3\" data-mobile-enabled=\"false\" data-break_parents=\"0\" data-bg-image=\"https:\/\/mylike.io\/wp-content\/uploads\/2022\/01\/pexels-canva-studio-3153201-scaled.jpg\" data-bg-repeat=\"false\" ><\/div><div class=\"fusion-fullwidth fullwidth-box fusion-builder-row-1 fusion-flex-container fusion-parallax-down nonhundred-percent-fullwidth non-hundred-percent-height-scrolling lazyload\" style=\"--awb-border-radius-top-left:0px;--awb-border-radius-top-right:0px;--awb-border-radius-bottom-right:0px;--awb-border-radius-bottom-left:0px;--awb-padding-top:200px;--awb-padding-bottom:200px;--awb-margin-top:0px;--awb-margin-bottom:0px;--awb-background-size:cover;--awb-flex-wrap:wrap;\" data-bg=\"https:\/\/mylike.io\/wp-content\/uploads\/2022\/01\/pexels-canva-studio-3153201-scaled.jpg\" ><div class=\"fusion-builder-row fusion-row fusion-flex-align-items-flex-start fusion-flex-content-wrap\" style=\"max-width:1144px;margin-left: calc(-4% \/ 2 );margin-right: calc(-4% \/ 2 );\"><div class=\"fusion-layout-column fusion_builder_column fusion-builder-column-0 fusion_builder_column_1_1 1_1 fusion-flex-column\" style=\"--awb-bg-size:cover;--awb-width-large:100%;--awb-margin-top-large:0px;--awb-spacing-right-large:1.92%;--awb-margin-bottom-large:20px;--awb-spacing-left-large:1.92%;--awb-width-medium:100%;--awb-order-medium:0;--awb-spacing-right-medium:1.92%;--awb-spacing-left-medium:1.92%;--awb-width-small:100%;--awb-order-small:0;--awb-spacing-right-small:1.92%;--awb-spacing-left-small:1.92%;\"><div class=\"fusion-column-wrapper fusion-column-has-shadow fusion-flex-justify-content-flex-start fusion-content-layout-column\"><\/div><\/div><\/div><\/div><div class=\"fusion-fullwidth fullwidth-box fusion-builder-row-2 fusion-flex-container nonhundred-percent-fullwidth non-hundred-percent-height-scrolling\" style=\"--awb-border-radius-top-left:0px;--awb-border-radius-top-right:0px;--awb-border-radius-bottom-right:0px;--awb-border-radius-bottom-left:0px;--awb-margin-top:20px;--awb-flex-wrap:wrap;\" ><div class=\"fusion-builder-row fusion-row fusion-flex-align-items-flex-start fusion-flex-content-wrap\" style=\"max-width:1144px;margin-left: calc(-4% \/ 2 );margin-right: calc(-4% \/ 2 );\"><div class=\"fusion-layout-column fusion_builder_column fusion-builder-column-1 fusion_builder_column_1_1 1_1 fusion-flex-column\" style=\"--awb-bg-size:cover;--awb-width-large:100%;--awb-margin-top-large:0px;--awb-spacing-right-large:1.92%;--awb-margin-bottom-large:20px;--awb-spacing-left-large:1.92%;--awb-width-medium:100%;--awb-order-medium:0;--awb-spacing-right-medium:1.92%;--awb-spacing-left-medium:1.92%;--awb-width-small:100%;--awb-order-small:0;--awb-spacing-right-small:1.92%;--awb-spacing-left-small:1.92%;\"><div class=\"fusion-column-wrapper fusion-column-has-shadow fusion-flex-justify-content-flex-start fusion-content-layout-column\"><div class=\"fusion-text fusion-text-1\" style=\"--awb-text-transform:none;\"><h1 style=\"text-align: center;\"><strong>Werkstudent \u2013 Business Development (m\/f\/d)<\/strong><\/h1>\n<h2 style=\"text-align: center;\"><em><strong>(15 \u20ac\/Stunde \u2013 Home Office)<\/strong><\/em><\/h2>\n<\/div><div class=\"fusion-text fusion-text-2\" style=\"--awb-text-transform:none;\"><h3 class=\"fusion-responsive-typography-calculated\" data-fontsize=\"30\" data-lineheight=\"45px\"><strong>Das Produkt<\/strong><\/h3>\n<p>Die cloudbasierte\u00a0<strong>myLike<\/strong>\u00a0<strong>Plattform<\/strong>\u00a0erm\u00f6glicht es jedem Unternehmen aus dem Bereich des Tourismus (OTAs, Tour-Guides, Reiseb\u00fcros\u2026), der Hotellerie (Hotels, Hostels, B&amp;Bs, AirBnbs, Managed Apartments \u2026), der Mobility (Bus, Zug, Airline\u2026), Rental (Auto, Scooter, Fahrrad\u2026) und Medien (Print, Video\u2026)\u00a0<strong>einfach<\/strong>\u00a0und\u00a0<strong>schnell<\/strong>\u00a0eigene\u00a0<strong>Digitale Reisef\u00fchrer<\/strong>\u00a0\u2013 auch als White Label \u2013 zu entwickeln und diese mobil Ihren Kunden zur Verf\u00fcgung zu stellen. Damit k\u00f6nnen Unternehmen ihren Umsatz signifikant steigern und den Kundenservice ausbauen.<\/p>\n<h3 data-fontsize=\"30\" data-lineheight=\"45px\"><\/h3>\n<h3 class=\"fusion-responsive-typography-calculated\" data-fontsize=\"30\" data-lineheight=\"45px\"><strong>Deine spannende Aufgabe<\/strong><\/h3>\n<ul>\n<li>Du entwickelst f\u00fcr die myLike Plattform Business Cases, Marketing-, Pricing- sowie Go-to-Market Strategien f\u00fcr ausgew\u00e4hlte B2B Target Segmente im Tourismus-, Mobility- und Hotel-Segment und setzt diese aktiv f\u00fcr einen internationalen Markt um<\/li>\n<li>Du definierst die Produktanforderungen f\u00fcr die entsprechenden Target Segmente<\/li>\n<li>Du entwickelst die Marketing (SEO, SEA, Web\u2026) und Sales Strategie (Direkt, Channels, Partner\u2026) f\u00fcr die Ziel-Accounts im spezifischen Segment<\/li>\n<\/ul>\n<h3 class=\"fusion-responsive-typography-calculated\" data-fontsize=\"30\" data-lineheight=\"45px\"><\/h3>\n<h3 class=\"fusion-responsive-typography-calculated\" data-fontsize=\"30\" data-lineheight=\"45px\"><strong>Was solltest du mitbringen?<\/strong><\/h3>\n<ul>\n<li>Du studierst einen betriebswirtschaftlichen, touristischen oder technischen Bachelor- und\/oder Master oder Diplomstudiengang<\/li>\n<li>Du hast ein gutes Verst\u00e4ndnis Marktsegmente zu analysieren, Produktanforderungen zu extrahieren und zu definieren und diese entsprechend zu vermitteln und zu vermarkten<\/li>\n<li>Du hast im Idealfall bereits erste Erfahrung in einem dynamischen, digital getriebenen Umfeld gesammelt (z.B., Start-Up, Technologieunternehmen, Unternehmensberatung) mit Affinit\u00e4t zum Tourismus<\/li>\n<li>Du bist kreativ, lernbereit und hast Freude am selbst\u00e4ndigen Arbeiten<\/li>\n<li>Du kennst Dich mit Microsoft Office (XLS, PPT\u2026) oder Google Suite sehr gut aus und hast eventuell schon Erfahrung mit Hubspot, Jira und anderen CRM\/Workflow SW Modulen<\/li>\n<li>Idealerweise hast Du auch erste Erfahrung mit Google Analytics und Mailchimp sammeln k\u00f6nnen<\/li>\n<li>Wenn Du schon mit WordPress gearbeitet hast w\u00e4re das sehr erfreulich<\/li>\n<li>Du sprichst flie\u00dfend Deutsch und sehr gutes Englisch \u2013 eine weitere Fremdsprache w\u00e4re nat\u00fcrlich wunderbar<\/li>\n<li>Du arbeitest gerne remote (Home Office) in internationalen Teams und bist gut in der Kundenkommunikation<\/li>\n<\/ul>\n<h3 class=\"fusion-responsive-typography-calculated\" data-fontsize=\"30\" data-lineheight=\"45px\"><\/h3>\n<h3 class=\"fusion-responsive-typography-calculated\" data-fontsize=\"30\" data-lineheight=\"45px\"><strong>Was bieten wir<\/strong><\/h3>\n<ul>\n<li>Flexible Arbeitszeit im Home Office (15-20 Stunden die Woche) mit fairer Bezahlung<\/li>\n<li>Einarbeitung und Betreuung f\u00fcr einen erfolgreichen Start<\/li>\n<li>Internationales Umfeld<\/li>\n<li>Eingliederung in das Team als langfristiges Mitglied<\/li>\n<li>Eigenverantwortliches Arbeiten<\/li>\n<li>Kennenlernen und Nutzen von State-off-the-art Technologien<\/li>\n<\/ul>\n<\/div><\/div><\/div><\/div><\/div><div class=\"fusion-fullwidth fullwidth-box fusion-builder-row-3 fusion-flex-container nonhundred-percent-fullwidth non-hundred-percent-height-scrolling\" style=\"--awb-border-radius-top-left:0px;--awb-border-radius-top-right:0px;--awb-border-radius-bottom-right:0px;--awb-border-radius-bottom-left:0px;--awb-padding-top:20px;--awb-padding-bottom:20px;--awb-margin-top:20px;--awb-margin-bottom:0px;--awb-background-color:#f9f9f9;--awb-flex-wrap:wrap;\" ><div class=\"fusion-builder-row fusion-row fusion-flex-align-items-flex-start fusion-flex-content-wrap\" style=\"max-width:1144px;margin-left: calc(-4% \/ 2 );margin-right: calc(-4% \/ 2 );\"><div class=\"fusion-layout-column fusion_builder_column fusion-builder-column-2 fusion_builder_column_1_1 1_1 fusion-flex-column\" style=\"--awb-bg-size:cover;--awb-width-large:100%;--awb-margin-top-large:0px;--awb-spacing-right-large:1.92%;--awb-margin-bottom-large:20px;--awb-spacing-left-large:1.92%;--awb-width-medium:100%;--awb-order-medium:0;--awb-spacing-right-medium:1.92%;--awb-spacing-left-medium:1.92%;--awb-width-small:100%;--awb-order-small:0;--awb-spacing-right-small:1.92%;--awb-spacing-left-small:1.92%;\"><div class=\"fusion-column-wrapper fusion-column-has-shadow fusion-flex-justify-content-flex-start fusion-content-layout-column\"><div class=\"fusion-text fusion-text-3\" style=\"--awb-text-transform:none;\"><h3 class=\"fusion-responsive-typography-calculated\" data-fontsize=\"30\" data-lineheight=\"45px\"><strong>Interessiert? Dann schick uns bitte Deine Bewerbung.<\/strong><\/h3>\n<\/div>\n<div class=\"wpcf7 no-js\" id=\"wpcf7-f6726-o1\" lang=\"de-DE\" dir=\"ltr\" data-wpcf7-id=\"6726\">\n<div class=\"screen-reader-response\"><p role=\"status\" aria-live=\"polite\" aria-atomic=\"true\"><\/p> <ul><\/ul><\/div>\n<form action=\"\/de\/wp-json\/wp\/v2\/pages\/6748#wpcf7-f6726-o1\" method=\"post\" class=\"wpcf7-form init\" aria-label=\"Contact form\" enctype=\"multipart\/form-data\" novalidate=\"novalidate\" data-status=\"init\">\n<fieldset class=\"hidden-fields-container\"><input type=\"hidden\" name=\"_wpcf7\" value=\"6726\" \/><input type=\"hidden\" name=\"_wpcf7_version\" value=\"6.1.5\" \/><input type=\"hidden\" name=\"_wpcf7_locale\" value=\"de_DE\" \/><input type=\"hidden\" name=\"_wpcf7_unit_tag\" value=\"wpcf7-f6726-o1\" \/><input type=\"hidden\" name=\"_wpcf7_container_post\" value=\"0\" \/><input type=\"hidden\" name=\"_wpcf7_posted_data_hash\" value=\"\" \/>\n<\/fieldset>\n<p><label> Interessiert an*:<\/label><br \/>\n<span class=\"wpcf7-form-control-wrap\" data-name=\"Position\"><span class=\"wpcf7-form-control wpcf7-checkbox wpcf7-validates-as-required\"><span class=\"wpcf7-list-item first last\"><input type=\"checkbox\" name=\"Position[]\" value=\"Werkstudent\" \/><span class=\"wpcf7-list-item-label\">Werkstudent<\/span><\/span><\/span><\/span>\n<\/p>\n<p><label> Vorname*<br \/>\n<span class=\"wpcf7-form-control-wrap\" data-name=\"first-name\"><input size=\"40\" maxlength=\"400\" class=\"wpcf7-form-control wpcf7-text wpcf7-validates-as-required\" aria-required=\"true\" aria-invalid=\"false\" value=\"\" type=\"text\" name=\"first-name\" \/><\/span> <\/label>\n<\/p>\n<p><label> Nachname*<br \/>\n<span class=\"wpcf7-form-control-wrap\" data-name=\"last-name\"><input size=\"40\" maxlength=\"400\" class=\"wpcf7-form-control wpcf7-text wpcf7-validates-as-required\" aria-required=\"true\" aria-invalid=\"false\" value=\"\" type=\"text\" name=\"last-name\" \/><\/span> <\/label>\n<\/p>\n<p><label> E-Mail-Adresse*<br \/>\n<span class=\"wpcf7-form-control-wrap\" data-name=\"your-email\"><input size=\"40\" maxlength=\"400\" class=\"wpcf7-form-control wpcf7-email wpcf7-validates-as-required wpcf7-text wpcf7-validates-as-email\" aria-required=\"true\" aria-invalid=\"false\" value=\"\" type=\"email\" name=\"your-email\" \/><\/span> <\/label>\n<\/p>\n<p><label> Betreff*<br \/>\n<span class=\"wpcf7-form-control-wrap\" data-name=\"your-subject\"><input size=\"40\" maxlength=\"400\" class=\"wpcf7-form-control wpcf7-text wpcf7-validates-as-required\" aria-required=\"true\" aria-invalid=\"false\" value=\"\" type=\"text\" name=\"your-subject\" \/><\/span> <\/label>\n<\/p>\n<p><label> Nachricht*<br \/>\n<span class=\"wpcf7-form-control-wrap\" data-name=\"your-message\"><textarea cols=\"40\" rows=\"10\" maxlength=\"2000\" class=\"wpcf7-form-control wpcf7-textarea wpcf7-validates-as-required\" aria-required=\"true\" aria-invalid=\"false\" name=\"your-message\"><\/textarea><\/span> <\/label>\n<\/p>\n<p><span class=\"wpcf7-form-control-wrap\" data-name=\"DeineUnterlagen\"><input size=\"40\" class=\"wpcf7-form-control wpcf7-file\" accept=\".pdf\" aria-invalid=\"false\" type=\"file\" name=\"DeineUnterlagen\" \/><\/span><br \/>\n<span class=\"wpcf7-form-control-wrap\" data-name=\"DeineUnterlagen\"><input size=\"40\" class=\"wpcf7-form-control wpcf7-file\" accept=\".pdf\" aria-invalid=\"false\" type=\"file\" name=\"DeineUnterlagen\" \/><\/span>\n<\/p>\n<p><span class=\"wpcf7-form-control-wrap\" data-name=\"checkbox-403\"><span class=\"wpcf7-form-control wpcf7-checkbox wpcf7-validates-as-required\"><span class=\"wpcf7-list-item first last\"><input type=\"checkbox\" name=\"checkbox-403[]\" value=\"*Mit der Nutzung dieses Formulars erkl\u00e4rst du dich mit der Speicherung und Verarbeitung deiner Daten durch diese Website einverstanden.\" \/><span class=\"wpcf7-list-item-label\">*Mit der Nutzung dieses Formulars erkl\u00e4rst du dich mit der Speicherung und Verarbeitung deiner Daten durch diese Website einverstanden.<\/span><\/span><\/span><\/span>\n<\/p>\n<p><input class=\"wpcf7-form-control wpcf7-submit has-spinner\" type=\"submit\" value=\"Absenden\" \/>\n<\/p>\n<p><i>*Pflichtfeld<\/i>\n<\/p><input type='hidden' class='wpcf7-pum' value='{\"closepopup\":false,\"closedelay\":0,\"openpopup\":false,\"openpopup_id\":0}' \/><div class=\"fusion-alert alert custom alert-custom fusion-alert-center wpcf7-response-output fusion-alert-capitalize awb-alert-native-link-color alert-dismissable awb-alert-close-boxed\" style=\"--awb-border-size:1px;--awb-border-top-left-radius:0px;--awb-border-top-right-radius:0px;--awb-border-bottom-left-radius:0px;--awb-border-bottom-right-radius:0px;\" role=\"alert\"><div class=\"fusion-alert-content-wrapper\"><span class=\"fusion-alert-content\"><\/span><\/div><button type=\"button\" class=\"close toggle-alert\" data-dismiss=\"alert\" aria-label=\"Close\">&times;<\/button><\/div>\n<\/form>\n<\/div>\n<\/div><\/div><\/div><\/div><\/p>\n","protected":false},"excerpt":{"rendered":"","protected":false},"author":2,"featured_media":0,"parent":6716,"menu_order":0,"comment_status":"closed","ping_status":"closed","template":"100-width.php","meta":{"_seopress_robots_primary_cat":"","_seopress_titles_title":"","_seopress_titles_desc":"myLike sucht Werkstudenten - Business Development - f\u00fcr den Ausbau unseres globalen Markets f\u00fcr unsere Technologie Plattform.","_seopress_robots_index":"","footnotes":""},"class_list":["post-6748","page","type-page","status-publish","hentry"],"_links":{"self":[{"href":"https:\/\/mylike.io\/de\/wp-json\/wp\/v2\/pages\/6748","targetHints":{"allow":["GET"]}}],"collection":[{"href":"https:\/\/mylike.io\/de\/wp-json\/wp\/v2\/pages"}],"about":[{"href":"https:\/\/mylike.io\/de\/wp-json\/wp\/v2\/types\/page"}],"author":[{"embeddable":true,"href":"https:\/\/mylike.io\/de\/wp-json\/wp\/v2\/users\/2"}],"replies":[{"embeddable":true,"href":"https:\/\/mylike.io\/de\/wp-json\/wp\/v2\/comments?post=6748"}],"version-history":[{"count":0,"href":"https:\/\/mylike.io\/de\/wp-json\/wp\/v2\/pages\/6748\/revisions"}],"up":[{"embeddable":true,"href":"https:\/\/mylike.io\/de\/wp-json\/wp\/v2\/pages\/6716"}],"wp:attachment":[{"href":"https:\/\/mylike.io\/de\/wp-json\/wp\/v2\/media?parent=6748"}],"curies":[{"name":"wp","href":"https:\/\/api.w.org\/{rel}","templated":true}]}}