
{"id":5477,"date":"2021-01-25T19:03:57","date_gmt":"2021-01-25T18:03:57","guid":{"rendered":"https:\/\/mylike.io\/partner\/dialogshift\/"},"modified":"2021-01-25T22:34:31","modified_gmt":"2021-01-25T21:34:31","slug":"dialogshift","status":"publish","type":"page","link":"https:\/\/mylike.io\/de\/partner\/dialogshift\/","title":{"rendered":"Dialogshift"},"content":{"rendered":"<div class=\"fusion-fullwidth fullwidth-box fusion-builder-row-1 nonhundred-percent-fullwidth non-hundred-percent-height-scrolling\" style=\"--awb-border-radius-top-left:0px;--awb-border-radius-top-right:0px;--awb-border-radius-bottom-right:0px;--awb-border-radius-bottom-left:0px;--awb-flex-wrap:wrap;\" ><div class=\"fusion-builder-row fusion-row\"><div class=\"fusion-layout-column fusion_builder_column fusion-builder-column-0 fusion_builder_column_1_1 1_1 fusion-one-full fusion-column-first fusion-column-last\" style=\"--awb-bg-size:cover;--awb-margin-bottom:0px;\"><div class=\"fusion-column-wrapper fusion-flex-column-wrapper-legacy\"><div class=\"fusion-text fusion-text-1\"><p>Durch die Kombination des fortschrittlichen <strong>Chatbots<\/strong> von <a href=\"https:\/\/www.dialogshift.com\/de\">Dialogshift<\/a> mit dem <strong><a href=\"https:\/\/mylike.io\/de\/mobiler-concierge\/\">Mobilen Concierge<\/a> <\/strong>von myLike k\u00f6nnen Sie jetzt die Website Ihres Hotels in einen interaktiven digitalen Reisef\u00fchrer verwandeln.<\/p>\n<p>G\u00e4ste k\u00f6nnen Ihren Chatbot direkt auf der Website Ihres Hotels nach Insider-Tipps f\u00fcr Restaurants, Erlebnisse und mehr fragen. Der Bot \u00fcbernimmt Ihre Tipps direkt aus Ihrem myLike-Account und stellt sie als Deep Links in einem ausw\u00e4hlbaren Karussell zur Verf\u00fcgung. Mit einem Klick synchronisieren sich Ihre Tipps nun mit dem Smartphone Ihres Gastes, der nun seinen Aufenthalt planen, die Umgebung erkunden und Ihre Tipps buchen kann.<\/p>\n<p><strong>Vorteile der L\u00f6sung<\/strong>:<\/p>\n<ul>\n<li>einfache und bew\u00e4hrte Integration der beiden Plattformen<\/li>\n<li>entlastet Ihr Team von der Beantwortung sich wiederholender Fragen<\/li>\n<li>f\u00fcr den Gast bequem von unterwegs zu nutzen &#8211; ohne eine App zu laden<\/li>\n<li>buchbare Tipps f\u00fchren zu Mehreinnahmen f\u00fcr Sie<\/li>\n<li>mit der Technologie von myLike k\u00f6nnen Ihre Tipps auch in alle anderen Systeme und Kommunikationskan\u00e4le integriert werden (z.B. <a href=\"https:\/\/mylike.io\/de\/widget\/\">Map Widget<\/a>, PWA&#8230;<\/li>\n<\/ul>\n<p><strong>Beispiel f\u00fcr die Integration<\/strong>:<\/p>\n<p>Sie erstellen in myLike Ihre Tipps und Ihr Bot beantwortet \u00fcber entsprechende Deeplinks ortsbezogene Fragen Ihrer G\u00e4ste (z.B. &#8220;was sind die besten Restaurants in der N\u00e4he&#8221;). Diese Deeplinks f\u00fchren direkt zu Ihren Tipps und die G\u00e4ste k\u00f6nnen mit einem einfachen Klick Ihren Mobile Concierge als Digitalen Reisef\u00fchrer \u00f6ffnen, ohne eine App laden zu m\u00fcssen.<\/p>\n<\/div><div class=\"fusion-clearfix\"><\/div><\/div><\/div><\/div><\/div>\n","protected":false},"excerpt":{"rendered":"","protected":false},"author":5,"featured_media":0,"parent":5280,"menu_order":0,"comment_status":"closed","ping_status":"closed","template":"","meta":{"_seopress_robots_primary_cat":"","_seopress_titles_title":"","_seopress_titles_desc":"","_seopress_robots_index":"","footnotes":""},"class_list":["post-5477","page","type-page","status-publish","hentry"],"_links":{"self":[{"href":"https:\/\/mylike.io\/de\/wp-json\/wp\/v2\/pages\/5477","targetHints":{"allow":["GET"]}}],"collection":[{"href":"https:\/\/mylike.io\/de\/wp-json\/wp\/v2\/pages"}],"about":[{"href":"https:\/\/mylike.io\/de\/wp-json\/wp\/v2\/types\/page"}],"author":[{"embeddable":true,"href":"https:\/\/mylike.io\/de\/wp-json\/wp\/v2\/users\/5"}],"replies":[{"embeddable":true,"href":"https:\/\/mylike.io\/de\/wp-json\/wp\/v2\/comments?post=5477"}],"version-history":[{"count":0,"href":"https:\/\/mylike.io\/de\/wp-json\/wp\/v2\/pages\/5477\/revisions"}],"up":[{"embeddable":true,"href":"https:\/\/mylike.io\/de\/wp-json\/wp\/v2\/pages\/5280"}],"wp:attachment":[{"href":"https:\/\/mylike.io\/de\/wp-json\/wp\/v2\/media?parent=5477"}],"curies":[{"name":"wp","href":"https:\/\/api.w.org\/{rel}","templated":true}]}}