
{"id":5282,"date":"2025-08-06T11:21:40","date_gmt":"2025-08-06T09:21:40","guid":{"rendered":"https:\/\/mylike.io\/?page_id=5282"},"modified":"2025-09-03T17:27:51","modified_gmt":"2025-09-03T15:27:51","slug":"straiv","status":"publish","type":"page","link":"https:\/\/mylike.io\/de\/partner\/straiv\/","title":{"rendered":"straiv"},"content":{"rendered":"<p><div class=\"fusion-fullwidth fullwidth-box fusion-builder-row-1 fusion-flex-container nonhundred-percent-fullwidth non-hundred-percent-height-scrolling\" style=\"--awb-border-radius-top-left:0px;--awb-border-radius-top-right:0px;--awb-border-radius-bottom-right:0px;--awb-border-radius-bottom-left:0px;--awb-flex-wrap:wrap;\" ><div class=\"fusion-builder-row fusion-row fusion-flex-align-items-flex-start fusion-flex-content-wrap\" style=\"max-width:1144px;margin-left: calc(-4% \/ 2 );margin-right: calc(-4% \/ 2 );\"><div class=\"fusion-layout-column fusion_builder_column fusion-builder-column-0 fusion_builder_column_1_1 1_1 fusion-flex-column\" style=\"--awb-bg-size:cover;--awb-width-large:100%;--awb-margin-top-large:0px;--awb-spacing-right-large:1.92%;--awb-margin-bottom-large:20px;--awb-spacing-left-large:1.92%;--awb-width-medium:100%;--awb-order-medium:0;--awb-spacing-right-medium:1.92%;--awb-spacing-left-medium:1.92%;--awb-width-small:100%;--awb-order-small:0;--awb-spacing-right-small:1.92%;--awb-spacing-left-small:1.92%;\"><div class=\"fusion-column-wrapper fusion-column-has-shadow fusion-flex-justify-content-flex-start fusion-content-layout-column\"><div class=\"fusion-text fusion-text-1\"><h1><strong> Die perfekte Digitale Guest Journey f\u00fcr Ihr Hotel<\/strong><\/h1>\n<p>Die Partnerschaft zwischen <strong><span style=\"color: #cc9934;\">myLike<\/span><\/strong> und <strong>straiv<\/strong> erm\u00f6glicht es Hotels, die gesamte <strong>digitale Guest Journey<\/strong> zu optimieren. Durch die nahtlose Integration der beiden Plattformen k\u00f6nnen Hotels nicht nur einen modernen Service bieten, sondern auch den Umsatz pro Gast durch Up-selling eigener Services sowie Cross-Selling lokaler Aktivit\u00e4ten und Experiences steigern.<\/p>\n<p>Die L\u00f6sungen von <span style=\"color: #cc9934;\"><strong>myLike<\/strong><\/span> und <strong>straiv<\/strong> erlauben es Hotels, G\u00e4ste <strong>vor, w\u00e4hrend und nach dem Aufenthalt<\/strong> durch pers\u00f6nliche Geheimtipps zu inspirieren und zu unterst\u00fctzen. Diese Tipps lassen sich einfach anlegen und pflegen und sind f\u00fcr den Gast bequem mobil, ohne App-Download, nutzbar und buchbar.<\/p>\n<p>myLike integriert sich dabei mit seinem <span style=\"color: #cc9934;\"><strong>Mobilen Concierge<\/strong> <\/span>nahtlos in den <strong>Digital Concierge (Digitale G\u00e4stemappe)<\/strong> und das <strong>Guest Messaging<\/strong> von straiv.<\/p>\n<p>Zus\u00e4tzlich kann der Hotelier mit myLike seine Webseite, TV-Systeme und Info-Terminals mit interaktiven Karten ausstatten oder via QR-Code seine Print-Materialien zu einem digitalen Reisef\u00fchrer aufwerten. myLike l\u00e4sst sich zudem in alle g\u00e4ngigen Kommunikationsschnittstellen wie WhatsApp, Social-Media-Kan\u00e4le und Systeme Dritter integrieren.<\/p>\n<h2><span style=\"color: #cc9934;\"><strong>straiv bietet Hoteliers folgende L\u00f6sungen:<\/strong><\/span><\/h2>\n<ul>\n<li><strong>Digital Concierge (Digitale G\u00e4stemappe)<\/strong><\/li>\n<\/ul>\n<p>Alle Hotelinformationen und Services sind kontaktlos auf dem Smartphone der G\u00e4ste jederzeit verf\u00fcgbar und buchbar. Funktionen umfassen beispielsweise die (optionale) Integration eines Chatbots, Smart Feedback, Green Choice, Direktbuchungen und die Einbindung von Geheimtipps (= myLike&#8217;s Mobiler Concierge).<\/p>\n<ul>\n<li><strong>Guest Messaging<\/strong><\/li>\n<\/ul>\n<p>Unterst\u00fctzt die G\u00e4stekommunikation \u00fcber E-Mail, SMS oder WhatsApp durch automatisierte und individuell planbare Nachrichtenvorlagen. Hoteliers k\u00f6nnen so gezielt vor, w\u00e4hrend und nach dem Aufenthalt kommunizieren, zum Beispiel f\u00fcr Buchungsbest\u00e4tigungen, den Online Check-in oder oder auch Geheimtipps (= myLike&#8217;s Mobiler Concierge).<\/p>\n<ul>\n<li><strong>Online Check-in &amp; -out<\/strong><\/li>\n<\/ul>\n<p>Erm\u00f6glicht den digitalen Check-in &amp; -out \u00fcber das Smartphone der G\u00e4ste, einen Self Check-in Kiosk oder ein Tablet\/ Kiosk an der Rezeption. Ohne App-Download. Funktionen umfassen den digitalen Meldeschein, mobile T\u00fcr\u00f6ffnung, Payment-Integration uvm.<\/p>\n<ul>\n<li><strong>Up-selling<\/strong><\/li>\n<\/ul>\n<p>Erm\u00f6glicht es, zus\u00e4tzliche Services und Produkte einfach und automatisiert an G\u00e4ste zu verkaufen und so den Umsatz zu steigern. Mit gezielten Angeboten k\u00f6nnen Hoteliers typische Zusatzleistungen wie Fr\u00fchst\u00fcck, ein Zimmer-Upgrade oder die Buchung eines Parkplatzes anbieten. myLike kann dabei auch andere hausinterne Angebote wie Fahrradverleih, Restaurants u.v.m im Mobilen Concierge hervorheben.<\/p>\n<ul>\n<li><strong>Cross-selling<\/strong><\/li>\n<\/ul>\n<p>Die Integration von myLike in straiv erlaubt es Hotels die Angebote Dritter gezielt zu vermarkten und sofort buchbar zu machen &#8211; entweder \u00fcber den Startscreen (Travel Hub) oder als Empfehlung auf den intereaktiven, mobilen myLike Karten.<\/p>\n<\/div><\/div><\/div><\/div><\/div><div class=\"fusion-fullwidth fullwidth-box fusion-builder-row-2 fusion-flex-container nonhundred-percent-fullwidth non-hundred-percent-height-scrolling\" style=\"--awb-border-radius-top-left:0px;--awb-border-radius-top-right:0px;--awb-border-radius-bottom-right:0px;--awb-border-radius-bottom-left:0px;--awb-flex-wrap:wrap;\" ><div class=\"fusion-builder-row fusion-row fusion-flex-align-items-flex-start fusion-flex-content-wrap\" style=\"max-width:1144px;margin-left: calc(-4% \/ 2 );margin-right: calc(-4% \/ 2 );\"><div class=\"fusion-layout-column fusion_builder_column fusion-builder-column-1 fusion_builder_column_1_2 1_2 fusion-flex-column\" style=\"--awb-bg-size:cover;--awb-width-large:50%;--awb-margin-top-large:0px;--awb-spacing-right-large:3.84%;--awb-margin-bottom-large:20px;--awb-spacing-left-large:3.84%;--awb-width-medium:100%;--awb-order-medium:0;--awb-spacing-right-medium:1.92%;--awb-spacing-left-medium:1.92%;--awb-width-small:100%;--awb-order-small:0;--awb-spacing-right-small:1.92%;--awb-spacing-left-small:1.92%;\"><div class=\"fusion-column-wrapper fusion-column-has-shadow fusion-flex-justify-content-flex-start fusion-content-layout-column\"><div class=\"fusion-text fusion-text-2\"><h3><\/h3>\n<h3><span style=\"color: #cc9934;\"><strong>Integration in die Digitale G\u00e4stemappe von straiv<\/strong><\/span><\/h3>\n<p>Die Tipps des Hotels k\u00f6nnen in straiv als interaktive Karten integriert werden. Diese sind sowohl auf dem Desktop als auch mobil durch den Gast nutzbar &#8211; ohne Laden einer App.<\/p>\n<ul>\n<li>Inhalte werden <strong>automatisch<\/strong> aktualisiert<\/li>\n<li>Der Gast kann Details der Tipps <strong>geolokalisiert<\/strong> sehen<\/li>\n<li>G\u00e4ste k\u00f6nnen Tipps <strong>buchen<\/strong> und zu den Orten navigieren<\/li>\n<\/ul>\n<\/div><\/div><\/div><div class=\"fusion-layout-column fusion_builder_column fusion-builder-column-2 fusion_builder_column_1_2 1_2 fusion-flex-column\" style=\"--awb-bg-size:cover;--awb-width-large:50%;--awb-margin-top-large:0px;--awb-spacing-right-large:3.84%;--awb-margin-bottom-large:20px;--awb-spacing-left-large:3.84%;--awb-width-medium:100%;--awb-order-medium:0;--awb-spacing-right-medium:1.92%;--awb-spacing-left-medium:1.92%;--awb-width-small:100%;--awb-order-small:0;--awb-spacing-right-small:1.92%;--awb-spacing-left-small:1.92%;\"><div class=\"fusion-column-wrapper fusion-column-has-shadow fusion-flex-justify-content-flex-start fusion-content-layout-column\"><div class=\"fusion-image-element \" style=\"--awb-caption-title-font-family:var(--h2_typography-font-family);--awb-caption-title-font-weight:var(--h2_typography-font-weight);--awb-caption-title-font-style:var(--h2_typography-font-style);--awb-caption-title-size:var(--h2_typography-font-size);--awb-caption-title-transform:var(--h2_typography-text-transform);--awb-caption-title-line-height:var(--h2_typography-line-height);--awb-caption-title-letter-spacing:var(--h2_typography-letter-spacing);\"><span class=\" fusion-imageframe imageframe-none imageframe-1 hover-type-none\"><a href=\"https:\/\/mylike.io\/wp-content\/uploads\/2021\/01\/Code2Order-Integration.png\" class=\"fusion-lightbox\" data-rel=\"iLightbox[01d02ebfbb04070b20a]\" data-title=\"Code2Order Integration\" title=\"Code2Order Integration\"><img decoding=\"async\" width=\"1197\" height=\"895\" alt=\"Code2Order und myLike Integration\" src=\"https:\/\/mylike.io\/wp-content\/uploads\/2021\/01\/Code2Order-Integration.png\" data-orig-src=\"https:\/\/mylike.io\/wp-content\/uploads\/2021\/01\/Code2Order-Integration.png\" class=\"lazyload img-responsive wp-image-5288\" srcset=\"data:image\/svg+xml,%3Csvg%20xmlns%3D%27http%3A%2F%2Fwww.w3.org%2F2000%2Fsvg%27%20width%3D%271197%27%20height%3D%27895%27%20viewBox%3D%270%200%201197%20895%27%3E%3Crect%20width%3D%271197%27%20height%3D%27895%27%20fill-opacity%3D%220%22%2F%3E%3C%2Fsvg%3E\" data-srcset=\"https:\/\/mylike.io\/wp-content\/uploads\/2021\/01\/Code2Order-Integration-200x150.png 200w, https:\/\/mylike.io\/wp-content\/uploads\/2021\/01\/Code2Order-Integration-400x299.png 400w, https:\/\/mylike.io\/wp-content\/uploads\/2021\/01\/Code2Order-Integration-600x449.png 600w, https:\/\/mylike.io\/wp-content\/uploads\/2021\/01\/Code2Order-Integration-800x598.png 800w, https:\/\/mylike.io\/wp-content\/uploads\/2021\/01\/Code2Order-Integration.png 1197w\" data-sizes=\"auto\" data-orig-sizes=\"(max-width: 1024px) 100vw, (max-width: 640px) 100vw, 600px\" \/><\/a><\/span><\/div><\/div><\/div><\/div><\/div><div class=\"fusion-fullwidth fullwidth-box fusion-builder-row-3 fusion-flex-container nonhundred-percent-fullwidth non-hundred-percent-height-scrolling\" style=\"--awb-border-radius-top-left:0px;--awb-border-radius-top-right:0px;--awb-border-radius-bottom-right:0px;--awb-border-radius-bottom-left:0px;--awb-flex-wrap:wrap;\" ><div class=\"fusion-builder-row fusion-row fusion-flex-align-items-flex-start fusion-flex-content-wrap\" style=\"max-width:1144px;margin-left: calc(-4% \/ 2 );margin-right: calc(-4% \/ 2 );\"><div class=\"fusion-layout-column fusion_builder_column fusion-builder-column-3 fusion_builder_column_1_2 1_2 fusion-flex-column\" style=\"--awb-bg-size:cover;--awb-width-large:50%;--awb-margin-top-large:0px;--awb-spacing-right-large:3.84%;--awb-margin-bottom-large:20px;--awb-spacing-left-large:3.84%;--awb-width-medium:100%;--awb-order-medium:0;--awb-spacing-right-medium:1.92%;--awb-spacing-left-medium:1.92%;--awb-width-small:100%;--awb-order-small:0;--awb-spacing-right-small:1.92%;--awb-spacing-left-small:1.92%;\"><div class=\"fusion-column-wrapper fusion-column-has-shadow fusion-flex-justify-content-flex-start fusion-content-layout-column\"><div class=\"fusion-text fusion-text-3\"><h3><span style=\"color: #cc9934;\"><strong>Integration Ihrer Tipp in Ihre G\u00e4ste Mailings mit straiv<\/strong><\/span><\/h3>\n<p>Hoteliers k\u00f6nnen automatisiert mit straiv Ihren G\u00e4sten vor der Anreise oder w\u00e4hrend des Aufenthaltes Ihre Tipps via Mails schicken. Diese sind, mit <strong><span style=\"color: #cc9934;\">myLike<\/span><\/strong> erstellte, DeepLinks die hinter ein inspirierendes Foto gelegt werden k\u00f6nnen. Dabei kann der Hotelier entscheiden ob er alle seine Tipps oder thematisierte, in Listen zusammengefasste, Tipps verschicken m\u00f6chte. Dies kann abh\u00e4ngig vom Profil des Gastes geschehen &#8211; Familie, Paar etc..<\/p>\n<ul>\n<li>Der Gast kann seinen Aufenthalt <strong>planen<\/strong><\/li>\n<li>Tipps k\u00f6nnen <strong>gebucht<\/strong> werden und erzeugen Umsatz f\u00fcr das Hotel<\/li>\n<li>Es muss <strong>keine<\/strong> App geladen werden<\/li>\n<li>Die Inhalte aktualisieren sich <strong>automatisch<\/strong><\/li>\n<\/ul>\n<\/div><\/div><\/div><div class=\"fusion-layout-column fusion_builder_column fusion-builder-column-4 fusion_builder_column_1_2 1_2 fusion-flex-column\" style=\"--awb-bg-size:cover;--awb-width-large:50%;--awb-margin-top-large:0px;--awb-spacing-right-large:3.84%;--awb-margin-bottom-large:20px;--awb-spacing-left-large:3.84%;--awb-width-medium:100%;--awb-order-medium:0;--awb-spacing-right-medium:1.92%;--awb-spacing-left-medium:1.92%;--awb-width-small:100%;--awb-order-small:0;--awb-spacing-right-small:1.92%;--awb-spacing-left-small:1.92%;\"><div class=\"fusion-column-wrapper fusion-column-has-shadow fusion-flex-justify-content-flex-start fusion-content-layout-column\"><div class=\"fusion-image-element \" style=\"--awb-caption-title-font-family:var(--h2_typography-font-family);--awb-caption-title-font-weight:var(--h2_typography-font-weight);--awb-caption-title-font-style:var(--h2_typography-font-style);--awb-caption-title-size:var(--h2_typography-font-size);--awb-caption-title-transform:var(--h2_typography-text-transform);--awb-caption-title-line-height:var(--h2_typography-line-height);--awb-caption-title-letter-spacing:var(--h2_typography-letter-spacing);\"><span class=\" fusion-imageframe imageframe-none imageframe-2 hover-type-none\"><a href=\"https:\/\/mylike.io\/wp-content\/uploads\/2021\/01\/Code2Order-Mail-Integration.png\" class=\"fusion-lightbox\" data-rel=\"iLightbox[2fa363e032c44364ab2]\" data-title=\"Code2Order Mail Integration\" title=\"Code2Order Mail Integration\"><img decoding=\"async\" width=\"1198\" height=\"897\" alt=\"Code2Order Mail Integration\" src=\"https:\/\/mylike.io\/wp-content\/uploads\/2021\/01\/Code2Order-Mail-Integration.png\" data-orig-src=\"https:\/\/mylike.io\/wp-content\/uploads\/2021\/01\/Code2Order-Mail-Integration.png\" class=\"lazyload img-responsive wp-image-5293\" srcset=\"data:image\/svg+xml,%3Csvg%20xmlns%3D%27http%3A%2F%2Fwww.w3.org%2F2000%2Fsvg%27%20width%3D%271198%27%20height%3D%27897%27%20viewBox%3D%270%200%201198%20897%27%3E%3Crect%20width%3D%271198%27%20height%3D%27897%27%20fill-opacity%3D%220%22%2F%3E%3C%2Fsvg%3E\" data-srcset=\"https:\/\/mylike.io\/wp-content\/uploads\/2021\/01\/Code2Order-Mail-Integration-200x150.png 200w, https:\/\/mylike.io\/wp-content\/uploads\/2021\/01\/Code2Order-Mail-Integration-400x299.png 400w, https:\/\/mylike.io\/wp-content\/uploads\/2021\/01\/Code2Order-Mail-Integration-600x449.png 600w, https:\/\/mylike.io\/wp-content\/uploads\/2021\/01\/Code2Order-Mail-Integration-800x599.png 800w, https:\/\/mylike.io\/wp-content\/uploads\/2021\/01\/Code2Order-Mail-Integration.png 1198w\" data-sizes=\"auto\" data-orig-sizes=\"(max-width: 1024px) 100vw, (max-width: 640px) 100vw, 600px\" \/><\/a><\/span><\/div><\/div><\/div><\/div><\/div><\/p>\n","protected":false},"excerpt":{"rendered":"","protected":false},"author":5,"featured_media":0,"parent":5280,"menu_order":0,"comment_status":"closed","ping_status":"closed","template":"","meta":{"_seopress_robots_primary_cat":"","_seopress_titles_title":"straiv & myLike - die perfekte L\u00f6sung Ihr Hotel","_seopress_titles_desc":"Innovative Kooperation: straiv und myLike vereinfachen Ihre G\u00e4stekommunikation und verbessert Ihr Hotelerlebnis. Erfahren Sie mehr \u00fcber die Partnerschaft!","_seopress_robots_index":"","footnotes":""},"class_list":["post-5282","page","type-page","status-publish","hentry"],"_links":{"self":[{"href":"https:\/\/mylike.io\/de\/wp-json\/wp\/v2\/pages\/5282","targetHints":{"allow":["GET"]}}],"collection":[{"href":"https:\/\/mylike.io\/de\/wp-json\/wp\/v2\/pages"}],"about":[{"href":"https:\/\/mylike.io\/de\/wp-json\/wp\/v2\/types\/page"}],"author":[{"embeddable":true,"href":"https:\/\/mylike.io\/de\/wp-json\/wp\/v2\/users\/5"}],"replies":[{"embeddable":true,"href":"https:\/\/mylike.io\/de\/wp-json\/wp\/v2\/comments?post=5282"}],"version-history":[{"count":5,"href":"https:\/\/mylike.io\/de\/wp-json\/wp\/v2\/pages\/5282\/revisions"}],"predecessor-version":[{"id":14036,"href":"https:\/\/mylike.io\/de\/wp-json\/wp\/v2\/pages\/5282\/revisions\/14036"}],"up":[{"embeddable":true,"href":"https:\/\/mylike.io\/de\/wp-json\/wp\/v2\/pages\/5280"}],"wp:attachment":[{"href":"https:\/\/mylike.io\/de\/wp-json\/wp\/v2\/media?parent=5282"}],"curies":[{"name":"wp","href":"https:\/\/api.w.org\/{rel}","templated":true}]}}