
{"id":3174,"date":"2020-01-01T12:38:01","date_gmt":"2020-01-01T12:38:01","guid":{"rendered":"https:\/\/mylike.io\/datenschutz\/"},"modified":"2020-01-19T15:05:45","modified_gmt":"2020-01-19T14:05:45","slug":"datenschutz","status":"publish","type":"page","link":"https:\/\/mylike.io\/de\/datenschutz\/","title":{"rendered":"Datenschutz"},"content":{"rendered":"<div class=\"fusion-fullwidth fullwidth-box fusion-builder-row-1 nonhundred-percent-fullwidth non-hundred-percent-height-scrolling\" style=\"--awb-border-radius-top-left:0px;--awb-border-radius-top-right:0px;--awb-border-radius-bottom-right:0px;--awb-border-radius-bottom-left:0px;--awb-flex-wrap:wrap;\" ><div class=\"fusion-builder-row fusion-row\"><div class=\"fusion-layout-column fusion_builder_column fusion-builder-column-0 fusion_builder_column_1_1 1_1 fusion-one-full fusion-column-first fusion-column-last\" style=\"--awb-bg-size:cover;--awb-margin-bottom:0px;\"><div class=\"fusion-column-wrapper fusion-flex-column-wrapper-legacy\"><div class=\"fusion-title title fusion-title-1 fusion-sep-none fusion-title-center fusion-title-text fusion-title-size-one\" style=\"--awb-margin-top-small:0px;--awb-margin-right-small:0px;--awb-margin-bottom-small:20px;--awb-margin-left-small:0px;\"><h1 class=\"fusion-title-heading title-heading-center\" style=\"margin:0;\">DATENSCHUTZERKL\u00c4RUNG<\/h1><\/div><div class=\"fusion-sep-clear\"><\/div><div class=\"fusion-separator\" style=\"margin-left: auto;margin-right: auto;margin-top:0px;margin-bottom:50px;width:100%;max-width:100px;\"><div class=\"fusion-separator-border sep-single sep-solid\" style=\"--awb-height:20px;--awb-amount:20px;--awb-sep-color:#020202;border-color:#020202;border-top-width:0px;\"><\/div><\/div><div class=\"fusion-sep-clear\"><\/div><div class=\"fusion-text fusion-text-1\"><p>Im Folgenden informieren wir Sie \u00fcber den Datenschutz der Website http:\/\/www.myLike.io und der App \u201emyLike\u201c (im folgenden \u201emyLike\u201c). Der Schutz der Privatsph\u00e4re hat h\u00f6chste Bedeutung f\u00fcr uns. Deshalb informieren wir Sie hier dar\u00fcber, welche personenbezogenen Daten wir speichern und wie wir diese verwenden.<\/p>\n<p>Wir unterhalten au\u00dferdem aktuelle und technische Ma\u00dfnahmen zur Gew\u00e4hrleistung der Datensicherheit zum Schutz Ihrer Daten, die wir auch an unsere Mitarbeiter und weisungsgebundene Dienstleister weitergeben.<\/p>\n<p>myLike enth\u00e4lt schlie\u00dflich auch Angebote Dritter, die Sie z.B. \u00fcber Links aufrufen k\u00f6nnen. Datenschutzrechtlich verantwortlich sind die jeweiligen Anbieter dieser Angebote, nicht myLike. Bitte informieren Sie sich daher jeweils \u00fcber deren Datenschutzerkl\u00e4rungen.<\/p>\n<h3>1. Verantwortlicher<\/h3>\n<p>Verantwortlicher f\u00fcr myLike ist die myLike UG (haftungsbeschr\u00e4nkt), Bruderstra\u00dfe 8, 80538 M\u00fcnchen, Deutschland, vertreten durch: Gesch\u00e4ftsf\u00fchrer Uwe Hering, Email-Adresse: info@mylike.io. Bei Fragen zum Datenschutz, wenden Sie sich gerne an datenschutz@mylike.io.<\/p>\n<h3>2. Zwecke, Rechtsgrundlagen und Dauer der Datenverarbeitung<\/h3>\n<h4>a. Besuch unserer Webseite<\/h4>\n<p>Bei der rein informatorischen Nutzung der Webseite, also wenn Sie sich nicht zur Nutzung der Webseite anmelden, registrieren oder uns sonst Informationen an uns \u00fcbermitteln (z.B. \u00fcber das Kontaktformular), verarbeiten wir keine Informationen, die wir Ihrer Person unmittelbar zuordnen k\u00f6nnen. Durch Zusatzinformationen kann jedoch f\u00fcr einige Daten einen Personenbezug hergestellt werden, weshalb wir diese Daten als sog. pseudonyme Daten behandeln. Zum einen verarbeiten wir automatisch Informationen in sogenannten Server-Log Files, die Ihr Browser automatisch an uns \u00fcbermittelt. Diese sind Browsertyp\/ Browserversion, verwendetes Betriebssystem, Referrer URL (zuvor besuchte Seite), Hostname des zugreifenden Rechners und die Uhrzeit der Serveranfrage. Wir verarbeiten diese Daten zur Darstellung der von Ihnen aufgerufenen Webseite, sodass das vorvertragliche Verh\u00e4ltnis mit Ihnen gem\u00e4\u00df Art. 6 Abs. 1 lit. b) DSGVO die Rechtsgrundlage f\u00fcr diese Verarbeitung ist. Zum anderen verwenden wir sogenannte Cookies. Das sind kleine Textdateien, die in Ihrem Browser hinterlegt werden. Die meisten der von uns verwendeten Cookies sind sogenannte \u201eSession-Cookies\u201c. In einem Session-Cookie wird eine zuf\u00e4llig erzeugte eindeutige Identifikationsnummer (sogenannte Session-ID) abgelegt. Mit einem Session Cookie wird Ihnen die Navigation auf myLike erm\u00f6glicht und in Ihrem Interesse erleichtert. So k\u00f6nnen wir uns zum Beispiel Angaben merken, die Sie w\u00e4hrend einer Session gemacht haben. Rechtsgrundlage ist daher sowohl der Vertrag mit Ihnen gem\u00e4\u00df Art. 6 Abs. 1 lit. b) DSGVO als auch das berechtigte Interesse gem\u00e4\u00df Art. 6 Abs. 1 lit. f) DSGVO. Session-Cookies verfallen nach Ende Ihres Besuchs automatisch. Andere Cookies werden f\u00fcr eine l\u00e4ngere Dauer auf Ihrem Endger\u00e4t gespeichert (sog. tempor\u00e4re Cookies\u201c). Diese Cookies erm\u00f6glichen es uns, Ihren Browser beim n\u00e4chsten Besuch wiederzuerkennen. Rechtsgrundlage ist hier Ihre Einwilligung, die Sie entweder uns direkt erteilen oder \u00fcber Ihre Browser- und Systemeinstellungen gesetzt haben. Tempor\u00e4re Cookies bestehen auch nach dem Ende Ihres jeweiligen Seitenbesuchs weiter. Sie k\u00f6nnen diese Cookies selber aktiv l\u00f6schen oder in Ihrem Browser einstellen, wann solche Cookies gel\u00f6scht werden sollen. Ansonsten verfallen diese Cookies 1 Jahr nachdem Ihrem Besuch.<\/p>\n<h4>b. Webseitenanalyse<\/h4>\n<p>Wir haben zur Aussteuerung von Onlinewerbung einen Service der Google Inc.(Google AdSense) bei myLike eingebunden. Dabei werden von Google mit Hilfe von Cookies und der sog. Werbe-ID in Ihrem Endger\u00e4t Informationen zur Nutzung von myLike verarbeitet. Die. \u201eWerbe ID\u201c (auch \u201eAdvertising Identifer\u201c (IDFA) genannt) ist eine einzigartige, jedoch nicht personalisierte und nicht dauerhaft gespeicherte Identifizierungsnummer f\u00fcr ein bestimmtes Endger\u00e4t. Wir erm\u00f6glichen Google als Werbedienstleister durch die Integration dieses Service, Daten unmittelbar von Ihnen zu erheben, mindestens jedoch Ihre IP-Adresse. Wir selber verarbeiten dabei keinen Daten und \u00fcbermitteln auch keine Daten von Ihnen an Google. Rechtsgrundlage f\u00fcr die Integration von Google in myLike ist Ihre Einwilligung nach Art. 6 Abs. 1 lit. a) DSGVO. Diese Einwilligung ist freiwillig und Sie k\u00f6nnen myLike auch nutzen, ohne dass Sie dieser Datennutzung durch Google zustimmen. F\u00fcr die Datenverarbeitung der Google Inc. gelten die Datenschutzbedingungen von Google als Verantwortlicher. Mehr dazu k\u00f6nnen Sie hier nachlesen: http:\/\/www.google.de\/intl\/de\/policies\/privacy\/ Sie k\u00f6nnen diese Einwilligung jederzeit mit Wirkung f\u00fcr die Zukunft auf folgende Weise widerrufen: &#8211; als registrierter Google Nutzer k\u00f6nnen Sie Ihre Einstellungen \u00e4ndern: https:\/\/adssettings.google.com\/authenticated &#8211; oder Sie laden sich ein sog. Browser Add-on herunter: https:\/\/tools.google.com\/dlpage\/gaoptout &#8211; oder Sie \u00e4ndern Ihre Einstellungen bzgl. Cookies von Drittanbietern: http:\/\/optout.aboutads.info\/?c=2#!\/ entsprechende Einstellungen vornehmen<\/p>\n<h4>c. Registrierung in der App<\/h4>\n<p>Wenn Sie sich bei myLike in der App registrieren, erheben wir personenbezogene Daten. Damit legen wir f\u00fcr Sie ein Nutzer Account an, mit dem Sie sich wieder bei myLike anmelden, Bewertungen abgeben und gemachte Bewertungen einsehen k\u00f6nnen. Rechtsgrundlage f\u00fcr die Verarbeitung der Angaben bei der ist der Vertrag mit Ihnen, Art. 6 Abs. 1 lit. b) DSGVO. Wenn Sie sich im Rahmen Ihrer beruflichen oder unternehmerischen T\u00e4tigkeit bei uns registrieren und\/oder kostenpflchtige Dienste von uns in Anspruch nehmen, sind zu den vertraglichen Angaben ggf. weitere Angaben erforderlich, damit wir den gesetzlichen insb. steuerlichen Anforderungen gerecht werden k\u00f6nnen. Rechtsgrundlage f\u00fcr diese Datenverarbeitung ist Art. 6 Abs. 1 lit. c) DSGVO. Wenn Sie Ihren Facebook Account nutzen, um sich bei myLike zu registrieren, dann erhalten wir Zugang zu Ihrem \u00f6ffentichen Profil, Ihrer Freundesliste, Ihrem Geburtstdatum sowie Ihrer E-Mail-Adresse. Rechtsgrundlage f\u00fcr die Verarbeitung der Angaben ist der Vertrag mit Ihnen, Art. 6 Abs. 1 lit. b) DSGVO. Die Verbindung zu Facebook k\u00f6nnen Sie jederzeit wieder aufheben, ohne dass dies Auswirkungen auf Ihren Nutzer Account bei myLike hat. Beim Herunterladen unserer App werden Informationen zudem von dem Anbieter des von Ihnen genutzten App-Store Anbieters im Zusammenhang mit der myLike App verarbeitet. Diese Datenverarbeitung initiiert und verantwortet der jeweilige App-Store Anbieter gem\u00e4\u00df seiner Datenschutzinformation. Wir verarbeiten insoweit Daten nur, soweit dies f\u00fcr das Herunterladen der App auf Ihr mobiles Endger\u00e4t notwendig ist. Unserer Rechtsgrundlage f\u00fcr diese Verarbeitung ist daher unser Vertrag mit Ihnen, Art. 6 Abs. 1 lit. b) DSGVO. Dar\u00fcber hinaus k\u00f6nnen Sie zus\u00e4tzliche Daten freiwillig angeben. Freiwillige Angaben werden entsprechend gekennzeichnet. Diese Angaben als auch eine Verkn\u00fcpfung zu Facebook sowie die Freigabe weiterer Daten von Facebook basieren auf Ihrer Einwilligung nach Art. 6 Abs. 1 lit. a) DSGVO. Diese k\u00f6nnen Sie jederzeit nach Art. 7 Abs. 3 DSGVO mit Wirkung f\u00fcr die Zukunft widerrufen, indem Sie die Verbindung zu Facebook aufl\u00f6sen. Sie haben jederzeit die M\u00f6glichkeit nach einem Login Ihren kompletten myLike Account oder einzelne Angaben in Ihrem Account selber vollst\u00e4ndig zu l\u00f6schen. Die Daten f\u00fcr die Registrierung werden ansonsten gel\u00f6scht, wenn Ihr myLike Account gel\u00f6scht wird. Wenn Sie mehr als 12 Monate nicht aktiv Ihren myLike Account genutzt haben, Deaktivieren wir Ihren Account f\u00fcr 24 Monate. In dieser Zeit wird Ihr myLike Profil sowie Ihre Interaktionen auf myLike als anonym gekennzeichnet oder f\u00fcr andere myLike Nutzer unsichtbar gemacht. Nach 24 Monaten Inaktivit\u00e4t anonymisieren wir die Aktivit\u00e4ten und l\u00f6schen Ihren Account. Durch das L\u00f6schen eines Accounts werden Ihre Aktivit\u00e4ten auf myLike anonymsiert, sodass Ihnen die Aktivit\u00e4ten nicht mehr zugeordnet werden k\u00f6nnen.<\/p>\n<h4>d. Nutzung von Google Maps, Erstellen von myLikes etc.<\/h4>\n<p>Wenn Sie myLike aktiv nutzen, sich insbesondere myLikes ansehen, selber erstellen, Bewertungen abgeben oder Fotos hochladen, werden diese Informationen einerseits von uns bezogen auf den Ort, f\u00fcr den der myLike Eintrag erstellt wird, abgespeichert und zus\u00e4tzlich auf einer Karte von Google dargestellt. Die Karte wird unmittebar durch die Google Inc. (\u201eGoogle\u201c) zur Verf\u00fcgung gestellt. Google erh\u00e4lt dabei von uns jedoch keine Daten \u00fcber Sie und ist getrennt von uns f\u00fcr die Verarbeitung von Daten bei und durch Google verantwortlich. Mehr dazu k\u00f6nnen Sie in den Datenschutzbedingungen von Google nachlesen: http:\/\/www.google.de\/intl\/de\/policies\/privacy\/ Die Darstellung Ihrer myLikes auf der Karte auf einer Webseite oder in der App ist erforderlich, um dem Zweck von myLike, Ihnen sch\u00f6ne und bewertete Orte in einer bestimmten Umgebung anzuzeigen, zu erf\u00fcllen. Ohne Darstellung der Karte ist myLike nicht nutzbar. Rechtsgrundlage f\u00fcr diese Datenverarbeitung ist daher der Vertrag mit Ihnen, Art. 6 Abs. 1 lit. b) DSGVO. Au\u00dferdem st\u00fctzen wir die Einbindung der Google Karte auch auf unser berechtigtes interesse, Art. 6 Abs. 1 lit. f) DSGVO. Wir nutzen die Funktionen der Google Karte, da diese sowohl funktionell als auch wirtschaftlich betrachtet f\u00fcr myLike die optimalste Variante ist, myLikes anzuzeigen. Au\u00dfer der IP-Adresse werden Google keine Daten bekannt gegeben. Zudem setzt Google alleine f\u00fcr das Darstellen der Karte keine Cookies. Erst wenn Sie aktiv mit Google interagieren, sich insbesondere bei Google anmelden, verarbeitet Google Daten von Ihnen. In diesem Falle ist dann jedoch Google Verantwortlicher im Sinne der DSGVO.<\/p>\n<h4>e. Personalisierung<\/h4>\n<p>Vertragsgegenstand und -zweck von myLike sind die auf unsere Nutzer personalsierten myLikes. Daher analysieren wir die von Ihnen angegebenen Daten, Ihre Beitr\u00e4ge und Interaktionen auf myLike, um Ihre pers\u00f6nlichen Interessen zu verstehen und myLike vertragsgem\u00e4\u00df darzustellen. Rechtsgrundlage ist daher der Vertrag mit Ihnen, Art. 6 Abs. 1 lit. b) DSGVO. Wir l\u00f6schen die mit der Personalsierung zusammenh\u00e4ngenden Daten, wenn Ihr myLike Account gel\u00f6scht wird.<\/p>\n<h4>f. Ortsbezogene Dienste<\/h4>\n<p>Unser Angebot umfasst auch ortsbezogenen Dienste, mit welchem wir Ihnen spezielle Angebote unterbreiten, die auf Ihren jeweiligen Standort zugeschnitten sind. Rechtsgrundlage ist Ihre vorherige Einwilligung, Ihren Standort zu ermitteln, Art. 6 Abs. 1 lit. a) DSGVO. Diese Dienste sind freiwillig. Sie k\u00f6nnen diese Option daher \u00fcber die Einstellungen in Ihrem Betriebssystem oder in der App jederzeit gem\u00e4\u00df Art. 7 Abs. 2 DSGVO mit Wirkung f\u00fcr die Zukunft widerrufen. Soweit Sie f\u00fcr myLike den Standort freigeben, wird der letzte Standort so lange in der App auf Ihrem Ger\u00e4t gespeichert und genutzt, bis ein neuer ermittelt wird, Sie sich aus der App abmelden oder die App l\u00f6schen.<\/p>\n<h4>g. myLike in Drittportalen<\/h4>\n<p>myLike ist auch auf anderen Portalen wie sozialen Netzwerken (z.B. Facebook Fanpage) (\u201eDrittportale\u201c) pr\u00e4sent. Das Ziel ist, dass wir unsere Bekanntheit erh\u00f6hen und Ihnen auch au\u00dferhalb unserer Online Plattform als Ansprechpartner und Kontakt zur Verf\u00fcgung stehen. Wir betreiben diese Drittportale jedoch nicht. Vielmehr k\u00f6nnen wir diese nur im Rahmen der vom jeweiligen Betreiber angebotenen Form und unter Akzeptanz der dort geltenden Nutzungs- und Datenschutzbedingungen nutzen. Mehr zu den Datenschutzbedingungen der Drittportale finden Sie hier: Facebook: http:\/\/www.facebook.com\/about\/privacy\/your-info-on-other#applications Twitter: https:\/\/twitter.com\/privacy Instagram: https:\/\/help.instagram.com\/155833707900388 Pinterest: https:\/\/policy.pinterest.com\/de\/privacy-policy LinkedIn: https:\/\/www.linkedin.com\/legal\/privacy-policy<\/p>\n<p>Je nachdem, welchen Datenverarbeitungen Sie gegen\u00fcber dem Portalbetreiber zugestimmt haben, ist es dabei Sinn und Zweck des Drittportals, dass wir bei Ihrer Interaktion mit uns in dem Portal bestimmte Informationen \u00fcber Sie erhalten (z.B. Fan-unserer Facebook Seite sein, Folgen unseres Twitter Accounts). Rechtsgrundlage ist dabei Ihr Vertrag mit dem Portalbetreiber gem. Art. 6 Abs. 1 lit b) DSGVO bzw. Ihre Zustimmung zu einer freiwilligen Daten\u00fcbermittlung an uns, Art. 6 Abs. 1 lit. a) DSGVO. Ihre Interaktion mit uns \u00fcber und in den Portalen ist freiwillig. Lassen Sie uns dar\u00fcber hinaus Informationen zukommen (z.B. in einer Kurznachricht in dem Portal), dient dies entweder der Erf\u00fcllung des Vertrages mit uns (Art. 6 Abs. 1 lit. b) DSGVO) oder Sie erteilen uns damit zugleich und freiwillig Ihre Einwilligung (Art. 6 Abs. 1 lit. a) DSGVO). Die empfangenen Informationen verwenden wir zudem auch, um die Besuche und die Resonanz auf unsere Pr\u00e4senzen zu analysieren und im Ergebnis besser gestalten zu k\u00f6nnen. Rechtsgrundlage ist dann Art. 6 Abs. 1 lit. f) DSGVO. Hierbei verwenden wir jedoch nur pseudonyme Daten und daraus erstellte anonyme Statistiken. Sofern Sie uns eine Einwilligung erteilt haben, haben Sie nach Art. 7 Abs. 3 DSGVO jederzeit das Recht, mit Wirkung f\u00fcr die Zukunft Ihre Einwilligung zu widerrufen. Hierf\u00fcr m\u00fcssen Sie in die Einstellungen zu Ihrem jeweiligen Account in dem Drittportal entsprechend anpassen (z.B. uns nicht mehr folgen).<\/p>\n<h4>h. Social Plug-ins<\/h4>\n<p>In myLike sind auch Funktionen von Drittportalen integriert (sog. \u201eSocial Plug-ins\u201c). Damit haben Sie die M\u00f6glichkeit, in dem jeweiligen Drittportal einfacher mit Ihren dortigen Freunden und Verbindungen Informationen zu teilen, die Sie auf unserer Online Plattform interessant finden. F\u00fcr die Nutzung der Drittportale gelten die Nutzungs- und Datenschutzbedingungen der jeweiligen Portale. Nur wenn Sie aktiv und freiwillig die Funktion nutzen d.h. den Plug-in anklicken, sind \u00fcber den Social Plug-in Daten \u00fcber Ihre jeweilige Online Plattformnutzung vom jeweiligen Drittportal abrufbar. Rechtsgrundlage ist daher Ihre Einwilligung gegen\u00fcber dem Anbieter des Drittportals, Art. 6 Abs. 1 lit. a) DSGVO. Der Anbieter dieses Portals hat Ihnen bei der Registrierung zu diesem Portal zudem Datenschutzinformationen zur Verf\u00fcgung gestellt, die Informationen enthalten, welche Daten er zu welchen Zwecken bei Nutzung des Social Plug-ins verarbeitet. Wir \u00fcbermitteln selber keinerlei Informationen, die eine unmittelbare Bestimmung Ihrer Person erm\u00f6glichen. Soweit wir Daten vom Anbieter des Drittportals bekommen, sind diese nur aggregiert und lassen keinen Bezug zu einer Person zu. Sie haben nach Art. 7 Abs. 3 DSGVO jederzeit das Recht, mit Wirkung f\u00fcr die Zukunft Ihre Einwilligung zu widerrufen. Hierf\u00fcr klicken Sie einfach wieder auf den Social Plug-in, um die jeweilige Funktion zu deaktivieren. Die Anzahl Ihrer Interaktione wie z.B. der Likes auf Facebook sind dann nur noch anonymisiert bei uns zu sehen. Welche Daten bei dem jeweiligen Drittportal gespeichert werden und ob diese Daten dort auch gel\u00f6scht werden sollen, m\u00fcssen Sie in dem jeweiligen Drittprtal einstellen bzw. \u00e4ndern.<\/p>\n<h4>i. Kontaktformular<\/h4>\n<p>Bei einer Kontaktaufnahme mit myLike per Email oder \u00fcber Kontaktformulare werden Daten erhoben, um Ihre Fragen beantworten zu k\u00f6nnen. Die Daten hierf\u00fcr werden so lange gespeichert, bis die Anfrage erledigt ist.<\/p>\n<h4>j. Newsletter<\/h4>\n<p>Auf unserer Internetseite besteht die M\u00f6glichkeit einen kostenfreien Newsletter zu abonnieren. Rechtsgrundlage f\u00fcr die Verarbeitung der Daten ist Ihre Einwilligung, Art. 6 Abs. 1 lit. a) DSGVO. Wenn Sie auf unserer Online Plattform Waren oder Dienstleistungen erwerben und hierbei Ihre E-Mail-Adresse hinterlegen, kann diese in der Folge durch uns f\u00fcr den Versand eines Newsletters verwendet werden. In einem solchen Fall wird \u00fcber den Newsletter ausschlie\u00dflich Direktwerbung f\u00fcr eigene \u00e4hnliche Waren oder Dienstleistungen versendet. Rechtsgrundlage ist \u00a7 7 Abs. 3 UWG. Sie k\u00f6nnen dem Empfang von Newslettern jederzeit mit Wirkung f\u00fcr die Zukunft widerrufen. Die Daten werden gel\u00f6scht, sobald sie f\u00fcr die Erreichung des Zweckes ihrer Erhebung nicht mehr erforderlich sind. Die E-Mail-Adresse des Nutzers wird demnach solange gespeichert, wie das Abonnement des Newsletters aktiv ist.<\/p>\n<h4>k. Sicherheit<\/h4>\n<p>Schlie\u00dflich verarbeiten wir auch in Ihrem und unserem Interesse Daten, um die Integrit\u00e4t, Vertraulichkeit und Verf\u00fcgbarkeit der datenverarbeitenden Systeme, d.h. insbesondere die Sicherheit und Verf\u00fcgbarkeit Ihrer Daten bei myLike zu gew\u00e4hrleisten. Die Nutzung von myLike ohne Verarbeitung von Daten zu diesem Zweck ist nicht m\u00f6glich. Rechtsgrundlage f\u00fcr die Verarbeitung dieser Daten ist Art. 6 Abs. 1 S. 1 lit. f) DSGVO; unser berechtigtes Interesse besteht in der Aufrechterhaltung und sicheren Erbringung unserer Dienstleitungen.<\/p>\n<h4>l. Links<\/h4>\n<p>Im Zusammenhang mit myLikes zeigen wir Ihnen auch Links zu Webseiten oder Apps an, \u00fcber die Sie Dienstleistungen anderer Unternehmen nutzen k\u00f6nnen (z.B. Tische in einem Restaurant reservieren). Bei der Weiterleitung erkennt der jeweilige Anbieter, dass der Nutzer von myLike kommt. Wir \u00fcbermitteln dabei keine jedoch keinen personenbezogenen Daten \u00fcber Sie an diese Anbieter. Diese sind f\u00fcr die weitere Datenverarbeitung in ihrem jeweiligen Dienst au\u00dferdem selber verantwortlich.<\/p>\n<h3>3. Widerrufs- und Widerspruchsrecht<\/h3>\n<p>Wenn Sie uns eine Einwilligung zu einer Verarbeitung Ihrer personenbezogenen Daten erteilt haben, haben Sie nach Art. 7 Abs. 3 DSGVO jederzeit das Recht, mit Wirkung f\u00fcr die Zukunft Ihre Einwilligung zu widerrufen. Bei freiwilligen Angaben oder von Ihnen genutzte myLike Funktionen, die Sie selber l\u00f6schen oder ausstellen k\u00f6nnen, k\u00f6nnen Sie die \u00c4nderungen jederzeit online vornehmen. Ihre Daten werden im Falle eines Widerrufs der Einwilligung nicht weiter f\u00fcr den Zweck, dem Sie zugestimmt hatten, verarbeitet. Zugleich l\u00f6schen wir die Daten, wenn es keine andere Rechtsgrundlage f\u00fcr eine weitere Verarbeitung dieser Daten gibt (z.B. Vertragserf\u00fcllung). Wenn die Verarbeitung Ihrer personenbezogenen Daten auf einem berechtigten Interesse beruht, Art. 6 Abs. 1 lit. f) DSGVO, k\u00f6nnen Sie gegen diese Verarbeitung jederzeit Widerspruch einlegen. Wir verarbeiten die personenbezogenen Daten nicht mehr, es sei denn, wir k\u00f6nnen zwingende schutzw\u00fcrdige Gr\u00fcnde f\u00fcr die Verarbeitung nachweisen, die Ihre Interessen, Rechte und Freiheiten \u00fcberwiegen, oder die Verarbeitung dient der Geltendmachung, Aus\u00fcbung oder Verteidigung von Rechtsanspr\u00fcchen. Ansonsten k\u00f6nnen Sie sich auch bzgl. Ihres Widerspruchs oder Widerrufs per E-Mail an uns richten: datenschutz@mylike.io Haben Sie bei uns einen Newsletter bestellt, haben Sie jederzeit das Recht mit Wirkung f\u00fcr die Zukunft dem Empfang von Newslettern zu widersprechen, ohne dass hierf\u00fcr andere als die \u00dcbermittlungskosten nach den Basistarifen entstehen. Nutzen Sie hierf\u00fcr einfach die Kontaktdaten, die in dem jeweiligen Newsletter genannt sind, oder senden Sie eine Mail an datenschutz@mylike.io.<\/p>\n<h3>4. Empf\u00e4nger<\/h3>\n<h4>a. myLike<\/h4>\n<p>Nutzer Bei der Nutzung der mylike-Webseite und App k\u00f6nnen Ihre Daten entsprechend der Funktionalit\u00e4t von myLike anderen myLike Nutzern bekannt werden. F\u00fcr alle registrierten Nutzer sind Ihr Nutzername und ihr Fotos Profilbild sichtbar. Rechtsgrundlage ist hier der Vertragszweck gem\u00e4\u00df Art. 6 Abs. 1 lit. b) DSGVO, da myLike auf den pers\u00f6nlichen Empfehlungen anderer myLike Nutzer basiert. Sie k\u00f6nnen bei der Nutzung von myLike zudem pers\u00f6nliche Einstellungen vornehmen und uns damit die Einwilligung nach Art. 6 Abs. 1 lit. a) DSGVO erteilen, die die Sichtbarkeit Ihrer weiteren Angaben betreffen. W\u00e4hlen Sie die Einstellung \u201eWelt\u201c, sind Ihre Eintr\u00e4ge bei myLike auch \u00fcber Suchmaschinen wie Google auffindbar, ohne dass sich die suchende Person bei myLike einloggen muss. Durch \u00c4nderung der Einstellungen k\u00f6nnen Sie jederzeit mit Wirkung f\u00fcr die Zukunft von Ihrem Recht zum Widerruf ihrer Einwilligung Gebrauch machen, Art. 7 Abs. 3 DSGVO.<\/p>\n<h4>b. Dritte<\/h4>\n<p>Wir \u00fcbermitteln Ihre personenbezogenen Daten nicht an Dritte, wenn Sie dem nicht vorher ausdr\u00fccklich zustimmen, es der Vorbereitung oder Erf\u00fcllung eines Vertrages, den Sie mit dem Dritten haben, dient oder wir gesetzlich dazu verpflichtet sind. Wenn Sie Drittportale (siehe oben) im Zusammenhang mit myLike nutzen (z.B. \u00fcber Social Plugins) und in diesem zusammenhang einer \u00dcbermittlung von Daten ausdr\u00fccklich zustimmen, erhalten die Betreiber dieser Drittportale Ihre Daten.<\/p>\n<h4>c. Dienstleister<\/h4>\n<p>Damit wir myLike und die in dieser Datenschutzinformation beschriebenen Dienste anbieten k\u00f6nnen, verarbeiten wir zum einen Daten unternehmensintern (z.B. im Kundenservice, Buchhaltung etc.). Zum anderen haben wir folgende Kategorien weisungsgebundener Dienstleister beauftragt, im Rahmen von Auftragsverarbeitungsvertr\u00e4gen nach Art. 28 DSGVO weisungsgebunden f\u00fcr uns t\u00e4tg zu werden:<\/p>\n<ul>\n<li>E-Mail Provider<\/li>\n<li>Anbieter zum Betrieb von Servern<\/li>\n<li>Anbieter zum Versand von Newslettern<\/li>\n<li>Anbieter eines sog. Content Delivery Netzwerks<\/li>\n<li>Anbieter f\u00fcr eine Funktion zur Cookie-Zustimmung<\/li>\n<li>Anbieter von Bezahlfunktionen<\/li>\n<\/ul>\n<h3>5. \u00dcbermittlung in Drittstaaten<\/h3>\n<p>Durch die Einbindung von Diensten von Google wie Google Maps und Google AdSense, wird Ihre IP-Adresse an die Google Inc. als internationales unternehmen mit dem Hauptsitz in den USA \u00fcbermittelt. Die Datenschutzerkl\u00e4rung von Google finden Sie hier: https:\/\/www.google.de\/intl\/de\/policies\/privacy\/ Wir haben mit Google bzgl. der Integration der Google Karte einen Vertrag abgeschlossen, der das gleichwertige Datenschutzniveau bei der \u00dcbermittlung in Drittstaaten garantiert. Sie k\u00f6nnen den Vertrag hier einsehen: https:\/\/privacy.google.com\/businesses\/mapscontrollerterms\/ Sollten wir personenbezogene Daten an weisungsgebundene Dienstleister au\u00dferhalb der EU bzw. des Europ\u00e4ischen Wirtschaftsraums (EWR) \u00fcbermitteln, erfolgt die \u00dcbermittlung soweit dem Drittland durch die EU-Kommission ein angemessenes Datenschutzniveau best\u00e4tigt wurde oder nach den Grunds\u00e4tzen des sogenannten Privacy Shield [https:\/\/www.privacyshield.gov\/welcome] sowie auf Grundlage sogenannter Standardvertragsklauseln der EU-Kommission [http:\/\/eur-lex.europa.eu\/LexUriServ\/LexUriServ.do?uri=OJ:L:2010:039:0005:0018:DE:PDF].<\/p>\n<h3>6. Ihre Rechte nach der DSGVO<\/h3>\n<p>Neben den oben genannten rechten auf Widerruf der Einwilligungen und Widerspruch gegen die Datenverarbeitung stehen Ihnen stehen Ihnen bez\u00fcglich Ihrer personenbezogenen Daten folgende Rechte gegen\u00fcber uns als Verantwortlichen gem\u00e4\u00df den Vorgaben der DSGVO zu:<\/p>\n<ul>\n<li>\u2022 Auskunftsrecht<\/li>\n<li>Recht auf Berichtigung<\/li>\n<li>Recht auf Einschr\u00e4nkung der Verarbeitung<\/li>\n<li>Recht auf L\u00f6schung<\/li>\n<li>Recht auf Unterrichtung<\/li>\n<li>Recht auf Daten\u00fcbertragbarkeit<\/li>\n<\/ul>\n<p>Nehmen Sie die Einstellungen selber online in Ihrem myLike Account vor oder wenden sich an uns \u00fcber datenschutz@mylike.io. Unbeschadet eines anderweitigen verwaltungsrechtlichen oder gerichtlichen Rechtsbehelfs steht Ihnen das Recht auf Beschwerde bei einer Aufsichtsbeh\u00f6rde, insbesondere in dem Mitgliedstaat ihres Aufenthaltsorts, ihres Arbeitsplatzes oder des Orts des mutma\u00dflichen Versto\u00dfes, zu, wenn Sie der Ansicht sind, dass die Verarbeitung der Sie betreffenden personenbezogenen Daten gegen die DSGVO verst\u00f6\u00dft.<\/p>\n<\/div><div class=\"fusion-clearfix\"><\/div><\/div><\/div><\/div><\/div>\n","protected":false},"excerpt":{"rendered":"","protected":false},"author":1,"featured_media":0,"parent":0,"menu_order":0,"comment_status":"closed","ping_status":"open","template":"","meta":{"_seopress_robots_primary_cat":"","_seopress_titles_title":"","_seopress_titles_desc":"","_seopress_robots_index":"","footnotes":""},"class_list":["post-3174","page","type-page","status-publish","hentry"],"_links":{"self":[{"href":"https:\/\/mylike.io\/de\/wp-json\/wp\/v2\/pages\/3174","targetHints":{"allow":["GET"]}}],"collection":[{"href":"https:\/\/mylike.io\/de\/wp-json\/wp\/v2\/pages"}],"about":[{"href":"https:\/\/mylike.io\/de\/wp-json\/wp\/v2\/types\/page"}],"author":[{"embeddable":true,"href":"https:\/\/mylike.io\/de\/wp-json\/wp\/v2\/users\/1"}],"replies":[{"embeddable":true,"href":"https:\/\/mylike.io\/de\/wp-json\/wp\/v2\/comments?post=3174"}],"version-history":[{"count":0,"href":"https:\/\/mylike.io\/de\/wp-json\/wp\/v2\/pages\/3174\/revisions"}],"wp:attachment":[{"href":"https:\/\/mylike.io\/de\/wp-json\/wp\/v2\/media?parent=3174"}],"curies":[{"name":"wp","href":"https:\/\/api.w.org\/{rel}","templated":true}]}}