
{"id":3171,"date":"2020-01-01T12:36:52","date_gmt":"2020-01-01T12:36:52","guid":{"rendered":"https:\/\/mylike.io\/nutzungsbedingungen\/"},"modified":"2020-01-19T14:56:03","modified_gmt":"2020-01-19T13:56:03","slug":"nutzungsbedingungen","status":"publish","type":"page","link":"https:\/\/mylike.io\/de\/nutzungsbedingungen\/","title":{"rendered":"Nutzungsbedingungen"},"content":{"rendered":"<div class=\"fusion-fullwidth fullwidth-box fusion-builder-row-1 nonhundred-percent-fullwidth non-hundred-percent-height-scrolling\" style=\"--awb-border-radius-top-left:0px;--awb-border-radius-top-right:0px;--awb-border-radius-bottom-right:0px;--awb-border-radius-bottom-left:0px;--awb-flex-wrap:wrap;\" ><div class=\"fusion-builder-row fusion-row\"><div class=\"fusion-layout-column fusion_builder_column fusion-builder-column-0 fusion_builder_column_1_1 1_1 fusion-one-full fusion-column-first fusion-column-last\" style=\"--awb-bg-size:cover;--awb-margin-bottom:0px;\"><div class=\"fusion-column-wrapper fusion-flex-column-wrapper-legacy\"><div class=\"fusion-title title fusion-title-1 fusion-sep-none fusion-title-center fusion-title-text fusion-title-size-one\" style=\"--awb-margin-top-small:0px;--awb-margin-right-small:0px;--awb-margin-bottom-small:20px;--awb-margin-left-small:0px;\"><h1 class=\"fusion-title-heading title-heading-center\" style=\"margin:0;\">NUTZUNGSBEDINGUNGEN<\/h1><\/div><div class=\"fusion-sep-clear\"><\/div><div class=\"fusion-separator\" style=\"margin-left: auto;margin-right: auto;margin-top:0px;margin-bottom:50px;width:100%;max-width:100px;\"><div class=\"fusion-separator-border sep-single sep-solid\" style=\"--awb-height:20px;--awb-amount:20px;--awb-sep-color:#020202;border-color:#020202;border-top-width:0px;\"><\/div><\/div><div class=\"fusion-sep-clear\"><\/div><div class=\"fusion-aligncenter\"><a class=\"fusion-button button-flat fusion-button-default-size button-default fusion-button-default button-1 fusion-button-default-span fusion-button-default-type\" target=\"_self\" href=\"https:\/\/mylike.io\/de\/allgemeine-nutzungsbedingungen-fuer-gewerbliche-nutzer\/\"><span class=\"fusion-button-text awb-button__text awb-button__text--default\">Zu den Nutzungsbedingungen f\u00fcr gewerbliche Nutzer<\/span><\/a><\/div><div class=\"fusion-sep-clear\"><\/div><div class=\"fusion-separator fusion-full-width-sep\" style=\"margin-left: auto;margin-right: auto;margin-top:40px;width:100%;\"><\/div><div class=\"fusion-sep-clear\"><\/div><div class=\"fusion-text fusion-text-1\"><p>Die Webseite www.mylike.io und die App \u201emyLike\u201c (im folgenden: \u201emyLike\u201c) werden von der myLike UG (haftungsbeschr\u00e4nkt), Bruderstra\u00dfe 8, 80538 M\u00fcnchen, Deutschland, HRB 214654 Registergericht M\u00fcnchen, Umsatzsteuer-Nummer: DE297081416, vertreten durch den Gesch\u00e4ftsf\u00fchrer Uwe Hering, (im folgenden: \u201eAnbieter\u201c) betrieben.<\/p>\n<h4>\u00a7 1 Gegenstand der Nutzung von myLike<\/h4>\n<p>Das Erstellen eines myLike Standard-Benutzerprofils ist f\u00fcr die private Nutzung kostenfrei m\u00f6glich. Als Standardnutzer k\u00f6nnen Pl\u00e4tze und Services (z.B. Hotels, Restaurants, \u00c4rzte) gespeichert, bewertet, kommentiert, in Listen organisiert und mit Bildern oder Videos erg\u00e4nzt werden. Die Sichtbarkeit der bewerteten Objekte kann individuell eingestellt und diese innerhalb sowie au\u00dferhalb von myLike mit Freunden geteilt werden. Freigegebene Inhalte anderer myLike-Nutzer kann der Nutzer sehen, durchsuchen, \u00fcbernehmen und selbst bewerten. Zudem k\u00f6nnen eigene Gruppen erzeugt oder bestehenden Gruppen beigetreten werden. F\u00fcr Standardnutzer ist die verwaltete Gruppenanzahl und -gr\u00f6\u00dfe limitiert.<\/p>\n<p>Dar\u00fcber hinaus besteht die M\u00f6glichkeit, eine kostenpflichtige Premiummitgliedschaft abzuschlie\u00dfen, die Ihnen weitere Optionen erm\u00f6glicht. Die einzelnen Voraussetzungen sowie die Widerrufsbelehrung finden Sie hier.<\/p>\n<p>myLike darf den Nutzungsumfang des Angebotes, soweit zul\u00e4ssig, jederzeit anpassen oder \u00e4ndern. Ein Rechtsanspruch auf Nutzung der einzelnen Funktionen besteht nicht.<\/p>\n<p>Der Anbieter beh\u00e4lt sich das Recht vor, Personen den Zugriff auf die Website und die von ihm angebotenen Services zu verweigern, etwa bei einem Versto\u00df gegen diese Bedingungen oder aus einem sonstigen wichtigen Grund. <\/p>\n<p>Es ist nicht erlaubt, ohne vorherige Erlaubnis des Anbieters die Webseite im Ganzen oder einzelne Teile herunterzuladen, zu vervielf\u00e4ltigen und zu verbreiten. Ausgenommen davon ist nur die technisch bedingte Vervielf\u00e4ltigung zum Zwecke des Browsens, soweit diese Handlung keinem wirtschaftlichen Zweck dient, sowie die Vervielf\u00e4ltigung f\u00fcr den eigenen Gebrauch.<\/p>\n<h4>\u00a7 2 Registrierung<\/h4>\n<p>F\u00fcr eine Nutzung von myLike-Diensten ist eine Registrierung erforderlich. Registrieren kann sich jede nat\u00fcrliche Person ab 16 Jahren. Soweit die Person unter 18 Jahren ist, ist das Einverst\u00e4ndnis der Eltern zur Nutzung erforderlich. Der Nutzer versichert, dass das  Registrierungsformular vollst\u00e4ndig und wahrheitsgem\u00e4\u00df ausgef\u00fcllt wurde. Jede Person darf nur ein Profil f\u00fcr sich erstellen.<\/p>\n<p>Ebenso ist eine Registrierung mit einer Verkn\u00fcpfung eines bestehenden Kontos bei einem Drittanbieter (\u201eDrittparteikonto\u201c) wie beispielsweise sozialen Netzwerken m\u00f6glich. Dazu stellt der Nutzer dem Anbieter die Anmeldeinformationen des bestehenden Kontos zur Verf\u00fcgung oder erlaubt diesem den Zugriff auf das Konto unter Beachtung der f\u00fcr die Nutzung des Kontos geltenden Bedingungen.<\/p>\n<p>Ein Nutzungsvertrag kommt durch die Best\u00e4tigung des Anbieters via Email zustande.<\/p>\n<p>Mit der Anmeldung w\u00e4hlt der Nutzer einen pers\u00f6nlichen Nutzernamen und ein individuelles Passwort. Der Nutzername darf weder gegen Rechte Dritter, sonstige Namens- und Markenrechte oder die guten Sitten versto\u00dfen, noch rassistische und diskriminierende Bezeichnungen enthalten. Sie sind verpflichtet, das Passwort geheim zu halten und keinem Dritten mitzuteilen. Der Nutzer verpflichtet sich, dass Passwort nicht an Dritte weiterzugeben und vor dem Zugriff Dritter zu sichern. <\/p>\n<p>F\u00fcr \u00c4nderungen der pers\u00f6nlichen Daten ist der Nutzer selbst verantwortlich, diese k\u00f6nnen online nach Anmeldung unter \u201eEinstellungen\/mein Profil\u201c vorgenommen werden.<\/p>\n<p>Die Nutzung von entgeltlichen myLike-Diensten erfolgt durch die Registrierung \u00fcber myLike und den Erwerb der Premiumfunktion \u00fcber die myLike Plattform, den Apple App Store oder Google Play Store.<\/p>\n<p>Der Anbieter beh\u00e4lt sich vor, Registrierungen abzulehnen. <\/p>\n<h4>\u00a7 3 Rechte und Pflichten des Nutzers<\/h4>\n<p>Der Nutzer verpflichtet sich, jede \u00c4nderung seiner pers\u00f6nlichen Daten unverz\u00fcglich mitzuteilen bzw. entsprechend im Account zu \u00e4ndern.<\/p>\n<p>Mit der \u00dcbermittlung von Informationen und Inhalten r\u00e4umt der Nutzer dem Anbieter das unentgeltliche weltweite Recht ein, die Inhalte in jeglicher Form auch f\u00fcr Werbezwecke zu nutzen und an Dritte zu \u00fcbermitteln, soweit dies der gew\u00e4hlten Sichtbarkeit entspricht. Entsprechend erh\u00e4lt der Anbieter dadurch ein nicht exklusives, unentgeltliches, unbefristetes, \u00fcbertragbares, unwiderrufliches und uneingeschr\u00e4nktes unterlizensierbares Nutzungsrecht f\u00fcr jegliche Medien- und Verbreitungsformen, insbesondere das Vervielf\u00e4ltigungs-, Verbreitungs- und das Recht der \u00f6ffentlichen Zug\u00e4nglichmachung.<\/p>\n<p>Der Nutzer ist f\u00fcr die Qualit\u00e4t, die Rechtm\u00e4\u00dfigkeit und Sichtbarkeit der erstellten oder geteilten Inhalte und den Inhalt der Bewertungen ausschlie\u00dflich selbst verantwortlich. Das Nutzer-Profil ist unmittelbar mit dem Inhalt verkn\u00fcpft und somit identifizierbar. Der Nutzer verpflichtet sich daher, bei Abgabe von Bewertungen nicht gegen geltende gesetzliche Vorschriften zu versto\u00dfen, insbesondere sicherzustellen, dass keine Rechte Dritter verletzt werden. Dar\u00fcber verpflichtet er sich, keine beleidigende, diskriminierende, Gewalt verherrlichende, pornographische, rassistische, verleumderische, Jugend gef\u00e4hrdende, obsz\u00f6ne, vulg\u00e4re oder sonstige rechtswidrige oder anderweitig anst\u00f6\u00dfige Inhalte zu \u00fcbermitteln.<\/p>\n<p>Der Nutzer verpflichtet sich weiterhin, die zur Verf\u00fcgung gestellten Informationen nicht f\u00fcr kommerzielle Zwecke zu verwenden. Die Nutzung einer Registrierung zur Auslesung, Speicherung oder Weitergabe personenbezogener Daten anderer registrierter Nutzer zu anderen Zwecken als der bestimmungsgem\u00e4\u00dfen Nutzung ist verboten.<\/p>\n<p>Der Nutzer stellt \u00fcberdies sicher, dass die zur Verf\u00fcgung gestellten Inhalte ebenso frei von Rechten Dritter sind und nach ihrer Art und Beschaffenheit, Gr\u00f6\u00dfe oder Anzahl geeignet sind, die Funktionsweise der Systeme des Anbieters und auch Dritter nicht zu beeintr\u00e4chtigen.<\/p>\n<p>Die Dienste des Anbieters d\u00fcrfen im Rahmen der beschriebenen Standard- und Premium-Profile ausschlie\u00dflich f\u00fcr private Aktivit\u00e4ten genutzt werden. Die gewerbliche Nutzung des myLike-Angebotes unterliegt gesonderten Nutzungsbedingungen f\u00fcr gewerbliche Kunden.<\/p>\n<p>Ist ein Nutzer der Ansicht, dass auf myLike eingestellte Inhalte rechtswidrig sind oder gegen diese Nutzungsbedingungen versto\u00dfen, so kann er dies dem Anbieter jederzeit per Email an support@mylike.io oder schriftlich an: myLike UG, Bruderstra\u00dfe 8, 80538 M\u00fcnchen, melden. Der Anbieter wird die Eingabe unverz\u00fcglich pr\u00fcfen und rechtswidrige Inhalte entfernen.<\/p>\n<h4>\u00a7 4 Rechte und Pflichten des Anbieters<\/h4>\n<p>Die registrierungspflichtigen Dienste werden im Rahmen des jeweils vereinbarten Leistungsumfanges gew\u00e4hrt, jedoch ausschlie\u00dflich im Rahmen der technischen und betrieblichen M\u00f6glichkeiten des Anbieters.<\/p>\n<p>Der Anbieter haftet insbesondere nicht f\u00fcr die jederzeitige Erreichbarkeit der Website bzw. der Dienste. F\u00fcr den Internetanschluss sowie die eigene Hard- und Software ist der Nutzer selbst verantwortlich.<\/p>\n<p>Der Anbieter bietet den Nutzern die M\u00f6glichkeit Inhalte einzustellen und erwirbt dabei lediglich Nutzungsrechte. Eine Kontrolle dieser \u00fcbermittelten Inhalte kann daher nur aufgrund von Anhaltspunkten einer konkreten Rechtsverletzung stattfinden. Erh\u00e4lt der Anbieter positive Kenntnis von Inhalten, die gegen diese Nutzungsbedingungen oder gesetzliche Bestimmungen versto\u00dfen, erfolgt eine \u00dcberpr\u00fcfung der Inhalte und ggf. deren Entfernung.<\/p>\n<p>Ebenso bleibt es dem Anbieter vorbehalten, im eigenen Ermessen Nutzerbeitr\u00e4ge und Inhalte bei Rechtsverletzungen oder Verst\u00f6\u00dfen gegen diese Nutzungsbedingungen ohne vorherige Benachrichtigung zu l\u00f6schen.<\/p>\n<p>Rechte und Pflichten aus diesem Dienstleistungsvertrag kann der Anbieter im Rahmen dieser Nutzungsbedingungen \u00fcbertragen.<\/p>\n<h4>\u00a7 5 myLike-Punktesystem<\/h4>\n<p>Der Nutzer kann auf myLike f\u00fcr seine eingestellten Inhalte und Bewertungen Statuspunkte sammeln. Die Anzahl der zu erhaltenden Punkte f\u00fcr eine Eingabe auf myLike entnimmt der Nutzer den gesonderten Ank\u00fcndigungen auf der Webseite oder der App. Dem Anbieter ist vorbehalten, gesammelte Punkte zu stornieren, wenn die zugrundeliegenden und eingestellten Inhalte gel\u00f6scht werden.<\/p>\n<h4>\u00a7 6 Haftung<\/h4>\n<p>Der Anbieter \u00fcbernimmt die Haftung f\u00fcr die Webseite bzw. die App gem\u00e4\u00df den gesetzlichen Bestimmungen.<\/p>\n<p>Er \u00fcbernimmt jedoch keine Verantwortung f\u00fcr die von Nutzern eingestellten Inhalte, insbesondere nicht f\u00fcr deren Vollst\u00e4ndigkeit, Richtigkeit, Rechtm\u00e4\u00dfigkeit, Aktualit\u00e4t insbesondere bei Verst\u00f6\u00dfen gegen Pers\u00f6nlichkeitsrechte und\/oder Rechte Dritter.<\/p>\n<p>Der Anbieter haftet auch nicht f\u00fcr eventuelle Missbr\u00e4uche durch andere Nutzer oder gegen\u00fcber Dritten an den von Nutzern \u00fcbermittelten Inhalten.<\/p>\n<p>Verweise und Links auf Webseiten Dritter, welche durch den Anbieter selbst erfolgen, bedeuten nicht, dass sich der Anbieter diese Inhalte zu Eigen macht, da der Anbieter keinen Einfluss auf die dort bereit gestellten Inhalte hat. Eine Haftung des Anbieters f\u00fcr rechtswidrige, fehlerhafte und unvollst\u00e4ndige Inhalte und f\u00fcr Sch\u00e4den, die aufgrund der Nutzung von einem hinter dem Link liegenden Inhalt verursacht werden, besteht nicht.<\/p>\n<h4>\u00a7 7 Beendigung der vertraglichen Beziehungen zu myLike<\/h4>\n<p>Die unentgeltliche myLike-Registrierung kann durch den Nutzer zu jedem Zeitpunkt ohne Angabe von Gr\u00fcnden oder Einhaltung einer Frist durch die L\u00f6schung seines Profils jederzeit beendet werden.<\/p>\n<p>Zur Beendigung der Nutzung eines Premium-Services bedarf es einen Monat vor Ablauf der Vertragslaufzeit einer schriftlichen K\u00fcndigung. Bei K\u00fcndigung einer App sind die vertraglichen Besonderheiten zu beachten.<\/p>\n<p>Wurde eine Registrierung aufgehoben, so werden s\u00e4mtliche Profildaten (Name, Adresse, Freunde, soziale Profile, Alter und Freundeslisten) \u2013 soweit dies nicht zur rechtlichen Verfolgung erforderlich ist &#8211; gel\u00f6scht. Die Bewertungen auf myLikes bleiben weiterhin in anonymisierter Form in der App und auf der Webseite bestehen.<\/p>\n<p>Benutzer-Profile, welche seit 12 Monaten inaktiv waren, werden f\u00fcr weitere 24 Monate deaktiviert. Ebenso verh\u00e4lt es sich mit Benutzer-Profilen die aufgrund des Widerspruchs zu den Nutzungsbedingungen deaktiviert wurden. Deaktivierte Profile sind auf der Webseite und in der App nur in anonymisierter Form sichtbar. Nach Ablauf der 24 Monate wird das Benutzer-Profil samt der Profildaten gel\u00f6scht. Der Nutzer kann jedoch ein deaktiviertes Profil jederzeit selbst l\u00f6schen.<\/p>\n<h4>\u00a7 8 Geltungsbereich und \u00c4nderungen dieser Nutzungsbedingungen<\/h4>\n<p>Diese Nutzungsbedingungen regeln ausschlie\u00dflich die vertraglichen Beziehungen zwischen dem Anbieter und dem jeweiligen privaten Nutzer (\u201eNutzer\u201c), soweit diese nicht durch schriftliche Vereinbarung zwischen dem Anbieter und dem Nutzer abge\u00e4ndert werden.<\/p>\n<p>Der Anbieter beh\u00e4lt sich das Recht vor, diese allgemeinen Nutzungsbedingungen zu modifizieren und\/oder sie der technischen und rechtlichen Entwicklung anzupassen. Dem Nutzer werden die \u00c4nderungen vorab per Email angek\u00fcndigt und ihm eine Widerspruchsfrist von 4 Wochen nach Bekanntgabe einger\u00e4umt. Widerspricht der Nutzer den neuen Bedingungen nicht, so nimmt der Nutzer die \u00c4nderungen an und die neuen Bedingungen werden Vertragsbestandteil. Bei einem fristgerechten Widerspruch des Nutzers ist der Anbieter berechtigt, das Profil des Nutzers zu dem Zeitpunkt zu deaktivieren, zu dem die \u00c4nderungen in Kraft treten. Der Nutzer kann sein Profil wieder aktivieren, indem er den ge\u00e4nderten Bedingungen nachtr\u00e4glich zustimmt.<\/p>\n<h4>\u00a7 9 Datenschutz<\/h4>\n<p>Durch die Nutzung von myLike werden Daten erhoben, verarbeitet und gespeichert. Dies erfolgt ausschlie\u00dflich gem\u00e4\u00df den Bestimmungen des deutschen Datenschutzrechts. Alle weiteren Hinweise und Informationen zum Thema Datenschutz befinden sich in der Datenschutzerkl\u00e4rung von myLike.<\/p>\n<p>Bei Fragen zum Thema Datenschutz und zu den von myLike gespeicherten pers\u00f6nlichen Daten kann sich der Nutzer jederzeit an: support@mylike.io wenden.<\/p>\n<h4>\u00a7 10 Gerichtsstand und anwendbares Recht<\/h4>\n<p>Gerichtsstand ist, soweit rechtlich zul\u00e4ssig, M\u00fcnchen.<\/p>\n<p>Es gilt deutsches Recht unter Ausschluss des UN-Kaufrechts soweit gesetzlich, insbesondere bei grenz\u00fcberschreitenden Sachverhalten, zul\u00e4ssig.<\/p>\n<h4>\u00a7 11 Schlussbestimmungen<\/h4>\n<p>Sollten einzelne Bestimmungen dieser Nutzungsbedingungen unwirksam sein, so wird hierdurch die Wirksamkeit im \u00dcbrigen nicht ber\u00fchrt und an die Stelle des unwirksamen Teils tritt diejenige wirksame Regelung, die der unwirksamen Bestimmung von der wirtschaftlichen Zielsetzung her am n\u00e4chsten kommt. Die vorstehende Regelung gilt entsprechend bei Regelungsl\u00fccken.<\/p>\n<p>Diese Nutzungsbedingungen sind jederzeit auf www.mylike.io abrufbar.<\/p>\n<p>Stand: Februar 2016<\/p>\n<\/div><div class=\"fusion-sep-clear\"><\/div><div class=\"fusion-separator fusion-full-width-sep\" style=\"margin-left: auto;margin-right: auto;margin-top:40px;width:100%;\"><\/div><div class=\"fusion-sep-clear\"><\/div><div class=\"fusion-aligncenter\"><a class=\"fusion-button button-flat fusion-button-default-size button-default fusion-button-default button-2 fusion-button-default-span fusion-button-default-type\" target=\"_self\" href=\"https:\/\/mylike.io\/de\/allgemeine-nutzungsbedingungen-fuer-gewerbliche-nutzer\/\"><span class=\"fusion-button-text awb-button__text awb-button__text--default\">Zu den Nutzungsbedingungen f\u00fcr gewerbliche Nutzer<\/span><\/a><\/div><div class=\"fusion-clearfix\"><\/div><\/div><\/div><\/div><\/div>\n","protected":false},"excerpt":{"rendered":"","protected":false},"author":2,"featured_media":0,"parent":0,"menu_order":0,"comment_status":"closed","ping_status":"closed","template":"","meta":{"_seopress_robots_primary_cat":"","_seopress_titles_title":"","_seopress_titles_desc":"","_seopress_robots_index":"","footnotes":""},"class_list":["post-3171","page","type-page","status-publish","hentry"],"_links":{"self":[{"href":"https:\/\/mylike.io\/de\/wp-json\/wp\/v2\/pages\/3171","targetHints":{"allow":["GET"]}}],"collection":[{"href":"https:\/\/mylike.io\/de\/wp-json\/wp\/v2\/pages"}],"about":[{"href":"https:\/\/mylike.io\/de\/wp-json\/wp\/v2\/types\/page"}],"author":[{"embeddable":true,"href":"https:\/\/mylike.io\/de\/wp-json\/wp\/v2\/users\/2"}],"replies":[{"embeddable":true,"href":"https:\/\/mylike.io\/de\/wp-json\/wp\/v2\/comments?post=3171"}],"version-history":[{"count":0,"href":"https:\/\/mylike.io\/de\/wp-json\/wp\/v2\/pages\/3171\/revisions"}],"wp:attachment":[{"href":"https:\/\/mylike.io\/de\/wp-json\/wp\/v2\/media?parent=3171"}],"curies":[{"name":"wp","href":"https:\/\/api.w.org\/{rel}","templated":true}]}}