
{"id":3161,"date":"2020-01-01T12:30:03","date_gmt":"2020-01-01T12:30:03","guid":{"rendered":"https:\/\/mylike.io\/allgemeine-nutzungsbedingungen-fuer-gewerbliche-nutzer\/"},"modified":"2020-01-19T15:07:56","modified_gmt":"2020-01-19T14:07:56","slug":"allgemeine-nutzungsbedingungen-fuer-gewerbliche-nutzer","status":"publish","type":"page","link":"https:\/\/mylike.io\/de\/allgemeine-nutzungsbedingungen-fuer-gewerbliche-nutzer\/","title":{"rendered":"Allgemeine Nutzungsbedingungen f\u00fcr gewerbliche Nutzer"},"content":{"rendered":"<div class=\"fusion-fullwidth fullwidth-box fusion-builder-row-1 nonhundred-percent-fullwidth non-hundred-percent-height-scrolling\" style=\"--awb-border-radius-top-left:0px;--awb-border-radius-top-right:0px;--awb-border-radius-bottom-right:0px;--awb-border-radius-bottom-left:0px;--awb-flex-wrap:wrap;\" ><div class=\"fusion-builder-row fusion-row\"><div class=\"fusion-layout-column fusion_builder_column fusion-builder-column-0 fusion_builder_column_1_1 1_1 fusion-one-full fusion-column-first fusion-column-last\" style=\"--awb-bg-size:cover;--awb-margin-bottom:0px;\"><div class=\"fusion-column-wrapper fusion-flex-column-wrapper-legacy\"><div class=\"fusion-title title fusion-title-1 fusion-sep-none fusion-title-center fusion-title-text fusion-title-size-one\" style=\"--awb-margin-top-small:0px;--awb-margin-right-small:0px;--awb-margin-bottom-small:20px;--awb-margin-left-small:0px;\"><h1 class=\"fusion-title-heading title-heading-center\" style=\"margin:0;\">NUTZUNGSBEDINGUNGEN<\/h1><\/div><div class=\"fusion-sep-clear\"><\/div><div class=\"fusion-separator\" style=\"margin-left: auto;margin-right: auto;margin-top:0px;margin-bottom:50px;width:100%;max-width:100px;\"><div class=\"fusion-separator-border sep-single sep-solid\" style=\"--awb-height:20px;--awb-amount:20px;--awb-sep-color:#020202;border-color:#020202;border-top-width:0px;\"><\/div><\/div><div class=\"fusion-sep-clear\"><\/div><div class=\"fusion-button-wrapper fusion-aligncenter\"><a class=\"fusion-button button-flat fusion-button-default-size button-default fusion-button-default button-1 fusion-button-default-span fusion-button-default-type\" target=\"_self\" href=\"https:\/\/mylike.io\/de\/nutzungsbedingungen\/\"><span class=\"fusion-button-text awb-button__text awb-button__text--default\">Zu den Nutzungsbedingungen f\u00fcr private Nutzer<\/span><\/a><\/div><div class=\"fusion-sep-clear\"><\/div><div class=\"fusion-separator fusion-full-width-sep\" style=\"margin-left: auto;margin-right: auto;margin-top:40px;width:100%;\"><\/div><div class=\"fusion-sep-clear\"><\/div><div class=\"fusion-text fusion-text-1\"><p>Die Webseite www.mylike.io und die App \u201emyLike\u201c (im Folgenden: \u201emyLike\u201c) werden von der myLike UG (haftungsbeschr\u00e4nkt), Bruderstra\u00dfe 8, 80538 M\u00fcnchen, Deutschland, HRB 214654 Registergericht M\u00fcnchen, Umsatzsteuer-Nummer: DE297081416, vertreten durch den Gesch\u00e4ftsf\u00fchrer Uwe Hering,( im Folgenden: \u201eAnbieter\u201c), betrieben.<\/p>\n<h4>\u00a7 1 Gegenstand der Nutzung von myLike<\/h4>\n<p>Das Erstellen eines myLike <a href=\"https:\/\/mylike.io\/de\/nutzungsbedingungen\/\">Standard-Benutzerprofils<\/a> ist \u2013 vorbehaltlich der Inanspruchnahme kostenpflichtiger Leistungen (entsprechende Informationen werden unter www.mylike.io ver\u00f6ffentlicht) &#8211; f\u00fcr die gewerbliche Nutzung unentgeltlich m\u00f6glich und darf im Rahmen der beschriebenen Profile f\u00fcr gewerbliche Aktivit\u00e4ten genutzt werden.<\/p>\n<p>Als Standardnutzer k\u00f6nnen Pl\u00e4tze und Services (z.B. Hotels, Restaurants, \u00c4rzte) gespeichert, bewertet, kommentiert, in Listen organisiert und mit Bildern oder Videos erg\u00e4nzt werden. Die Sichtbarkeit der Profile k\u00f6nnen individuell eingestellt und innerhalb sowie au\u00dferhalb von myLike mit Freunden geteilt werden. Frei gegebene Inhalte anderer myLike-Nutzer kann der Standardnutzer sehen, durchsuchen, \u00fcbernehmen und selbst bewerten. F\u00fcr gewerbliche Nutzer besteht \u00fcberdies die M\u00f6glichkeit, eine von anderen Nutzern gepostete Empfehlung \u2013 einen sogn. myLike &#8211; welcher ihr Gewerbe betrifft, nach Freigabe des Anbieters individuell zu gestalten und mit Inhalten (z.B. Standort \u2013 und Kontaktinformationen, Bildmaterial) zu erg\u00e4nzen. \u00dcber den Nachrichtenkanal (\u201eNews\u201c) k\u00f6nnen Freunden und Anh\u00e4ngern Informationen gesendet werden.<\/p>\n<p>Der Anbieter erm\u00f6glicht es gewerblichen Nutzer die Erstellung von Gruppen, welche in offener und geschlossener Form gegr\u00fcndet und betrieben bzw. verwaltet werden k\u00f6nnen.  Dabei kann der Gruppenadministrator myLikes, Listen und Pfade erzeugen und innerhalb der Gruppe teilen (sog. Concierge-Funktion). Auf Wunsch k\u00f6nnen gewerbliche Nutzer auch einen Nachrichtenkanal erzeugen, um dar\u00fcber Informationen zu versenden. Der Nutzer erh\u00e4lt \u00fcber seine angegebene Email-Adresse Anfragen von anderen myLike-Nutzern und Informationen von Gruppen, denen der Nutzer beigetreten ist.<\/p>\n<p>Der Anbieter bietet gewerblichen Kunden dar\u00fcber hinaus eine entgeltliche Statistikfunktion zur Analyse von Interaktionen anderer myLike-Nutzer, welche ausschlie\u00dflich in anonymisierter Weise erfolgen.<\/p>\n<p>Der Anbieter hat das Recht, Werbung auf der Plattform darzustellen und den gewerblichen Nutzer \u2013 ggfs. bis auf Widerruf \u2013 Newsletter und Informationen rund um myLike zukommen zu lassen.<\/p>\n<p>Der Nutzer ist f\u00fcr die Qualit\u00e4t, die Rechtm\u00e4\u00dfigkeit und Sichtbarkeit der erstellten oder geteilten Inhalte ausschlie\u00dflich selbst verantwortlich. Das Nutzer-Profil ist unmittelbar mit dem Inhalt verkn\u00fcpft und somit identifizierbar.<\/p>\n<p>Der Anbieter darf den Nutzungsumfang des Angebotes, soweit zul\u00e4ssig, anpassen oder \u00e4ndern. Mit der Nutzung von myLike erh\u00e4lt der Nutzer keinen Rechtsanspruch auf einzelne Funktionen.<\/p>\n<h4>\u00a7 2 Registrierung und Zurverf\u00fcgungstellung von Inhalten<\/h4>\n<p>F\u00fcr eine Nutzung von gewerblichen myLike-Diensten ist eine vorherige kostenfreie Registrierung erforderlich. Registrieren kann sich jede nat\u00fcrliche Person ab 18 Jahren  sowie jede juristische Person, in dem das Registrierungsformular vollst\u00e4ndig und wahrheitsgem\u00e4\u00df ausgef\u00fcllt und an myLike \u00fcbermittelt wird. Jede Person darf nur ein Profil f\u00fcr sich erstellen. Die Registrierung von gewerblichen Nutzern darf nur von Personen durchgef\u00fchrt werden, die befugt sind, f\u00fcr den gewerblichen Nutzer zu handeln und ihn vertraglich zu verpflichten.<\/p>\n<p>Ebenso ist eine Registrierung mit einer Verkn\u00fcpfung eines bestehenden Kontos bei einem Drittanbieter (\u201eDrittparteikonto\u201c) wie z.B. sozialen Netzwerken m\u00f6glich. Dazu stellt der Nutzer dem Anbieter die Anmeldeinformationen des bestehenden Kontos zur Verf\u00fcgung oder erlaubt myLike den Zugriff auf das Konto unter Beachtung der f\u00fcr die Nutzung des Kontos geltenden Bedingungen. Der Nutzer erkl\u00e4rt sich dadurch mit der Nutzung und Speicherung der vom Dritten an myLike zur Verf\u00fcgung gestellten Daten einverstanden und versichert, dass er berechtigt ist, auf dieses Drittparteikonto und dessen Inhalte zuzugreifen.<\/p>\n<p>Ein Nutzungsvertrag kommt durch eine Best\u00e4tigungsmail zustande. Der Anbieter beh\u00e4lt sich vor, Registrierungen abzulehnen.<\/p>\n<p>Mit der Anmeldung w\u00e4hlt der Nutzer einen pers\u00f6nlichen Nutzernamen und ein individuelles Passwort. Der Nutzername darf weder gegen Rechte Dritter, Namens- oder Markenrechte oder die guten Sitten versto\u00dfen und nicht zu Verwechslungen f\u00fchren, noch darf er rassistische oder diskriminierende Bezeichnungen enthalten. Der Nutzer ist  verpflichtet, das Passwort geheim zu halten und keinem Dritten mitzuteilen. Eine \u00dcbertragung des Nutzungsprofils auf eine andere Person ist nur mit vorheriger Zustimmung des Anbieters m\u00f6glich.<\/p>\n<h4>\u00a7 3 Rechte und Pflichten des Nutzers von myLike<\/h4>\n<p>Der Nutzer verpflichtet sich, jede Ver\u00e4nderung der Profildaten unverz\u00fcglich mitzuteilen und aktuell zu halten. F\u00fcr jegliche eingestellten Daten ist der Nutzer selbst verantwortlich, diese k\u00f6nnen online nach Anmeldung unter \u201eEinstellungen\/mein Profil\u201c vorgenommen werden.<\/p>\n<p>Mit der \u00dcbermittlung von Informationen und Inhalten r\u00e4umt der Nutzer dem Anbieter das unentgeltliche weltweite Recht ein, die Inhalte in jeglicher Form auch f\u00fcr Werbezwecke zu nutzen und an Dritte zu \u00fcbermitteln. Entsprechend erh\u00e4lt der Anbieter dadurch ein nicht exklusives, unentgeltliches, unbefristetes, \u00fcbertragbares, unwiderrufliches und uneingeschr\u00e4nktes unterlizensierbares Nutzungsrecht f\u00fcr jegliche Medien- und Verbreitungsformen, insbesondere das Vervielf\u00e4ltigungs-, Verbreitungs- und das Recht der \u00f6ffentlichen Zug\u00e4nglichmachung. Diese Rechteeinr\u00e4umung gilt auch bis zu einem Zeitraum von einem Jahr nach Ablauf der jeweils geschlossenen Vereinbarung.<\/p>\n<p>Der Nutzer ist f\u00fcr die Qualit\u00e4t, die Rechtm\u00e4\u00dfigkeit und Sichtbarkeit der erstellten oder geteilten Inhalte ausschlie\u00dflich selbst verantwortlich. Das Nutzer-Profil ist unmittelbar mit dem Inhalt verkn\u00fcpft und somit identifizierbar. Der Nutzer verpflichtet sich daher, nicht gegen geltende gesetzliche Vorschriften (z. B. Pers\u00f6nlichkeitsrechte) zu versto\u00dfen, insbesondere sicherzustellen, dass keine Rechte Dritter verletzt werden. Dar\u00fcber verpflichtet er sich, keine beleidigende, diskriminierende, Gewalt verherrlichende, pornographische, rassistische, verleumderische, Jugend gef\u00e4hrdende, obsz\u00f6ne, vulg\u00e4re oder sonstige rechtswidrige oder anderweitig anst\u00f6\u00dfige Inhalte zu \u00fcbermitteln.<\/p>\n<p>Dem Nutzer ist es ohne vorherige Erlaubnis des Anbieters nicht erlaubt, die Website oder App. teilweise oder insgesamt herunterzuladen, zu vervielf\u00e4ltigen und\/oder zu verbreiten bzw. \u00f6ffentlich zug\u00e4nglich zu machen.<\/p>\n<h4>\u00a7 4 Rechte und Pflichten des Anbieters<\/h4>\n<p>Die registrierungspflichtigen Dienste werden im Rahmen des jeweils vereinbarten Leistungsumfanges gew\u00e4hrt, jedoch ausschlie\u00dflich im Rahmen der technischen und betrieblichen M\u00f6glichkeiten des Anbieters.<\/p>\n<p>Der Anbieter haftet insbesondere nicht f\u00fcr die jederzeitige Erreichbarkeit und Funktion der Website bzw. der Dienste. F\u00fcr den Internetanschluss sowie die eigene Hard- und Software ist der Nutzer selbst verantwortlich.<\/p>\n<p>Der Anbieter bietet den Nutzern die M\u00f6glichkeit, Inhalte einzustellen. Diese Inhalte werden regelm\u00e4\u00dfig \u00fcberpr\u00fcft. Erh\u00e4lt der Anbieter positive Kenntnis von Inhalten, die gegen diese Nutzungsbedingungen oder gesetzliche Bestimmungen versto\u00dfen, erfolgt eine \u00dcberpr\u00fcfung der Inhalte und ggf. deren Entfernung.<\/p>\n<p>Ebenso bleibt es dem Anbieter vorbehalten, im eigenen Ermessen Nutzerbeitr\u00e4ge und Inhalte bei Rechtsverletzungen oder Verst\u00f6\u00dfen gegen diese Nutzungsbedingungen ohne vorherige Benachrichtigung zu l\u00f6schen.<\/p>\n<p>Rechte und Pflichten aus diesem Dienstleistungsvertrag kann der Anbieter \u00fcbertragen.<\/p>\n<h4>\u00a7 5 Haftung<\/h4>\n<p>Der Nutzer stellt den Anbieter von s\u00e4mtlichen Anspr\u00fcchen, einschlie\u00dflich der angemessenen Kosten der Rechtsverteidigung, frei, die Dritte gegen\u00fcber dem Anbieter mit der Behauptung geltend machen, die von Nutzern \u00fcbermittelten Daten verletzen ihre Rechte oder versto\u00dfen gegen gesetzliche Bestimmungen.<\/p>\n<p>Der Anbieter \u00fcbernimmt insbesondere keine Verantwortung f\u00fcr die von Nutzern eingestellten Inhalte, insbesondere nicht f\u00fcr deren Vollst\u00e4ndigkeit, Richtigkeit, Rechtm\u00e4\u00dfigkeit, Aktualit\u00e4t insbesondere bei Verst\u00f6\u00dfen gegen Rechte Dritter.<\/p>\n<p>Der Anbieter haftet auch nicht f\u00fcr eventuelle Missbr\u00e4uche durch andere Nutzer oder gegen\u00fcber Dritten an den von Nutzern \u00fcbermittelten Inhalten.<\/p>\n<h4>\u00a7 6 Beendigung der vertraglichen Beziehungen zu myLike<\/h4>\n<p>Die unentgeltliche myLike-Registrierung kann durch den Nutzer zu jedem Zeitpunkt ohne Angabe von Gr\u00fcnden oder Einhaltung einer Frist durch die L\u00f6schung seines Profils jederzeit beendet werden.<\/p>\n<p>Zur Beendigung der Nutzung kostenpflichtiger Dienstleistungen gelten die jeweiligen Vereinbarungen. Bei K\u00fcndigung einer App sind die vertraglichen Besonderheiten zu beachten.<\/p>\n<p>Wurde eine Registrierung aufgehoben, so werden s\u00e4mtliche Profildaten (Name, Adresse, Freunde, soziale Profile, Alter und Freundeslisten) \u2013 soweit dies nicht zur rechtlichen Verfolgung erforderlich ist und im Rahmen der entsprechenden Vereinbarung gel\u00f6scht. Die Bewertungen auf myLikes bleiben weiterhin in anonymisierter Form in der App und auf der Webseite bestehen.<\/p>\n<h4>\u00a7 7 Geltungsbereich und \u00c4nderungen dieser Nutzungsbedingungen<\/h4>\n<p>Diese Nutzungsbedingungen regeln die vertraglichen Beziehungen zwischen dem Anbieter und dem jeweiligen privaten Nutzer (\u201eNutzer\u201c), soweit diese nicht durch schriftliche Vereinbarung zwischen dem Anbieter und dem Nutzer abge\u00e4ndert werden.<\/p>\n<p>Der Anbieter beh\u00e4lt sich das Recht vor, diese allgemeinen Nutzungsbedingungen zu modifizieren und\/oder sie der technischen und rechtlichen Entwicklung anzupassen. Dem Nutzer werden die \u00c4nderungen vorab per Email angek\u00fcndigt und ihm eine Widerspruchsfrist von 4 Wochen nach Bekanntgabe einger\u00e4umt. Widerspricht der Nutzer den neuen Bedingungen nicht, so nimmt der Nutzer die \u00c4nderungen an und die neuen Bedingungen werden Vertragsbestandteil. Bei einem fristgerechten Widerspruch des Nutzers ist der Anbieter berechtigt, das Profil des Nutzers zu dem Zeitpunkt zu deaktivieren, zu dem die \u00c4nderungen in Kraft treten. Der Nutzer kann sein Profil wieder aktivieren, indem er den ge\u00e4nderten Bedingungen nachtr\u00e4glich zustimmt.<\/p>\n<h4>\u00a7 8 Datenschutz<\/h4>\n<p>Durch die Nutzung von myLike werden Daten erhoben, verarbeitet und gespeichert. Dies erfolgt ausschlie\u00dflich gem\u00e4\u00df den Bestimmungen des deutschen Datenschutzrechts. Alle weiteren Hinweise und Informationen zum Thema Datenschutz befinden sich in der Datenschutzerkl\u00e4rung von myLike.<\/p>\n<p>Bei Fragen zum Thema Datenschutz und zu den von myLike gespeicherten pers\u00f6nlichen Daten kann sich der Nutzer jederzeit an: support@mylike.io wenden.<\/p>\n<h4>\u00a7 9 Gerichtsstand und anwendbares Recht<\/h4>\n<p>Als Gerichtsstand wird M\u00fcnchen vereinbart.<\/p>\n<p>Es gilt deutsches Recht unter Ausschluss des UN-Kaufrechts soweit gesetzlich, insbesondere bei grenz\u00fcberschreitenden Sachverhalten, zul\u00e4ssig.<\/p>\n<h4>\u00a7 10 Schlussbestimmungen<\/h4>\n<p>Sollten einzelne Bestimmungen dieser Nutzungsbedingungen unwirksam sein, so wird hierdurch die Wirksamkeit im \u00dcbrigen nicht ber\u00fchrt und an die Stelle des unwirksamen Teils tritt diejenige wirksame Regelung, die der unwirksamen Bestimmung von der wirtschaftlichen Zielsetzung her am n\u00e4chsten kommt. Die vorstehende Regelung gilt entsprechend bei Regelungsl\u00fccken.<\/p>\n<p>Diese Nutzungsbedingungen sind jederzeit auf www.mylike.io abrufbar.<\/p>\n<p>Status: August 2016<\/p>\n<\/div><div class=\"fusion-sep-clear\"><\/div><div class=\"fusion-separator fusion-full-width-sep\" style=\"margin-left: auto;margin-right: auto;margin-top:40px;width:100%;\"><\/div><div class=\"fusion-sep-clear\"><\/div><div class=\"fusion-button-wrapper fusion-aligncenter\"><a class=\"fusion-button button-flat fusion-button-default-size button-default fusion-button-default button-2 fusion-button-default-span fusion-button-default-type\" target=\"_self\" href=\"https:\/\/mylike.io\/de\/nutzungsbedingungen\/\"><span class=\"fusion-button-text awb-button__text awb-button__text--default\">Zu den Nutzungsbedingungen f\u00fcr private Nutzer<\/span><\/a><\/div><div class=\"fusion-clearfix\"><\/div><\/div><\/div><\/div><\/div>\n","protected":false},"excerpt":{"rendered":"","protected":false},"author":2,"featured_media":0,"parent":0,"menu_order":0,"comment_status":"closed","ping_status":"closed","template":"","meta":{"_seopress_robots_primary_cat":"","_seopress_titles_title":"","_seopress_titles_desc":"","_seopress_robots_index":"","footnotes":""},"class_list":["post-3161","page","type-page","status-publish","hentry"],"_links":{"self":[{"href":"https:\/\/mylike.io\/de\/wp-json\/wp\/v2\/pages\/3161","targetHints":{"allow":["GET"]}}],"collection":[{"href":"https:\/\/mylike.io\/de\/wp-json\/wp\/v2\/pages"}],"about":[{"href":"https:\/\/mylike.io\/de\/wp-json\/wp\/v2\/types\/page"}],"author":[{"embeddable":true,"href":"https:\/\/mylike.io\/de\/wp-json\/wp\/v2\/users\/2"}],"replies":[{"embeddable":true,"href":"https:\/\/mylike.io\/de\/wp-json\/wp\/v2\/comments?post=3161"}],"version-history":[{"count":0,"href":"https:\/\/mylike.io\/de\/wp-json\/wp\/v2\/pages\/3161\/revisions"}],"wp:attachment":[{"href":"https:\/\/mylike.io\/de\/wp-json\/wp\/v2\/media?parent=3161"}],"curies":[{"name":"wp","href":"https:\/\/api.w.org\/{rel}","templated":true}]}}