
{"id":3154,"date":"2025-08-01T11:30:55","date_gmt":"2025-08-01T09:30:55","guid":{"rendered":"https:\/\/mylike.io\/ueber-uns\/"},"modified":"2025-08-20T11:21:34","modified_gmt":"2025-08-20T09:21:34","slug":"ueber-uns","status":"publish","type":"page","link":"https:\/\/mylike.io\/de\/ueber-uns\/","title":{"rendered":"\u00dcber uns"},"content":{"rendered":"<p><div class=\"fusion-fullwidth fullwidth-box fusion-builder-row-1 nonhundred-percent-fullwidth non-hundred-percent-height-scrolling\" style=\"--awb-border-radius-top-left:0px;--awb-border-radius-top-right:0px;--awb-border-radius-bottom-right:0px;--awb-border-radius-bottom-left:0px;--awb-margin-top:50px;--awb-flex-wrap:wrap;\" ><div class=\"fusion-builder-row fusion-row\"><div class=\"fusion-layout-column fusion_builder_column fusion-builder-column-0 fusion_builder_column_1_1 1_1 fusion-one-full fusion-column-first fusion-column-last\" style=\"--awb-bg-size:cover;\"><div class=\"fusion-column-wrapper fusion-column-has-shadow fusion-flex-column-wrapper-legacy\"><div class=\"fusion-text fusion-text-1\"><p style=\"text-align: center;\" data-start=\"90\" data-end=\"521\">myLike wurde mit einer klaren Vision gegr\u00fcndet: Eine benutzerfreundliche Plattform zu schaffen, mit der Unternehmen und Privatpersonen ihre Lieblingsorte und Erfahrungen jederzeit und \u00fcberall einfach teilen k\u00f6nnen &#8211; mit Kunden, G\u00e4sten und Freunden. Ob bei der Reiseplanung, beim Entdecken von Insidertipps oder beim Festhalten wertvoller Erinnerungen, myLike macht das Ganze zu einem unkomplizierten und inspirierenden Erlebnis.<\/p>\n<p style=\"text-align: center;\" data-start=\"523\" data-end=\"809\">2023 haben wir diese Vision erweitert und den <strong data-start=\"569\" data-end=\"641\">100% gebrandeten White Label Digitalen Reisef\u00fchrer &amp; Mobilen Concierge<\/strong> eingef\u00fchrt. Damit k\u00f6nnen Unternehmen und Creators ihren Kunden unter eigener Marke pers\u00f6nliche Empfehlungen f\u00fcr Touren, Aktivit\u00e4ten, Unterk\u00fcnfte und besondere Orte bereitstellen und diese monetarisieren.<\/p>\n<p style=\"text-align: center;\" data-start=\"811\" data-end=\"921\">Unsere Werte sind dabei klar: <strong data-start=\"841\" data-end=\"892\">Privatsph\u00e4re, Vertrauen und \u00e4sthetisches Design<\/strong> pr\u00e4gen alles, was wir tun.<\/p>\n<p style=\"text-align: center;\" data-start=\"923\" data-end=\"1097\">Heute greifen jeden Monat \u00fcber <strong data-start=\"954\" data-end=\"972\">100.000 Nutzer<\/strong> auf Inhalte von vertrauensw\u00fcrdigen Unternehmen, Kreatoren und Freunden \u00fcber die vielf\u00e4ltigen Schnittstellen von myLike zu.<\/p>\n<p style=\"text-align: center;\"><span style=\"color: #cb9832;\">Lassen Sie sich von Menschen inspirieren, denen Sie vertrauen.<\/span><\/p>\n<\/div><div class=\"fusion-clearfix\"><\/div><\/div><\/div><\/div><\/div><div class=\"fusion-fullwidth fullwidth-box fusion-builder-row-2 nonhundred-percent-fullwidth non-hundred-percent-height-scrolling\" style=\"--awb-border-radius-top-left:0px;--awb-border-radius-top-right:0px;--awb-border-radius-bottom-right:0px;--awb-border-radius-bottom-left:0px;--awb-flex-wrap:wrap;\" ><div class=\"fusion-builder-row fusion-row\"><div class=\"fusion-layout-column fusion_builder_column fusion-builder-column-1 fusion_builder_column_1_1 1_1 fusion-one-full fusion-column-first fusion-column-last\" style=\"--awb-bg-size:cover;\"><div class=\"fusion-column-wrapper fusion-column-has-shadow fusion-flex-column-wrapper-legacy\"><div class=\"fusion-title title fusion-title-1 fusion-sep-none fusion-title-center fusion-title-text fusion-title-size-two\" style=\"--awb-margin-top-small:0px;--awb-margin-right-small:0px;--awb-margin-bottom-small:20px;--awb-margin-left-small:0px;\"><h2 class=\"fusion-title-heading title-heading-center\" style=\"margin:0;\">MANAGEMENT<\/h2><\/div><div class=\"fusion-sep-clear\"><\/div><div class=\"fusion-separator\" style=\"margin-left: auto;margin-right: auto;margin-bottom:50px;width:100%;max-width:100px;\"><div class=\"fusion-separator-border sep-single sep-solid\" style=\"--awb-height:20px;--awb-amount:20px;--awb-sep-color:#000000;border-color:#000000;border-top-width:0px;\"><\/div><\/div><div class=\"fusion-sep-clear\"><\/div><div class=\"fusion-clearfix\"><\/div><\/div><\/div><div class=\"fusion-layout-column fusion_builder_column fusion-builder-column-2 fusion_builder_column_1_3 1_3 fusion-one-third fusion-column-first\" style=\"--awb-bg-size:cover;width:33.333333333333%;width:calc(33.333333333333% - ( ( 4% + 4% ) * 0.33333333333333 ) );margin-right: 4%;\"><div class=\"fusion-column-wrapper fusion-column-has-shadow fusion-flex-column-wrapper-legacy\"><div class=\"fusion-image-element fusion-image-align-center in-legacy-container\" style=\"text-align:center;--awb-max-width:180px;--awb-caption-title-font-family:var(--h2_typography-font-family);--awb-caption-title-font-weight:var(--h2_typography-font-weight);--awb-caption-title-font-style:var(--h2_typography-font-style);--awb-caption-title-size:var(--h2_typography-font-size);--awb-caption-title-transform:var(--h2_typography-text-transform);--awb-caption-title-line-height:var(--h2_typography-line-height);--awb-caption-title-letter-spacing:var(--h2_typography-letter-spacing);\"><div class=\"imageframe-align-center\"><span class=\" fusion-imageframe imageframe-none imageframe-1 hover-type-none\"><img decoding=\"async\" width=\"250\" height=\"250\" alt=\"Uwe Hering\" title=\"Team_Uwe\" src=\"https:\/\/mylike.io\/wp-content\/uploads\/2019\/12\/Team_Uwe.png\" data-orig-src=\"https:\/\/mylike.io\/wp-content\/uploads\/2019\/12\/Team_Uwe.png\" class=\"lazyload img-responsive wp-image-2813\" srcset=\"data:image\/svg+xml,%3Csvg%20xmlns%3D%27http%3A%2F%2Fwww.w3.org%2F2000%2Fsvg%27%20width%3D%27250%27%20height%3D%27250%27%20viewBox%3D%270%200%20250%20250%27%3E%3Crect%20width%3D%27250%27%20height%3D%27250%27%20fill-opacity%3D%220%22%2F%3E%3C%2Fsvg%3E\" data-srcset=\"https:\/\/mylike.io\/wp-content\/uploads\/2019\/12\/Team_Uwe-200x200.png 200w, https:\/\/mylike.io\/wp-content\/uploads\/2019\/12\/Team_Uwe.png 250w\" data-sizes=\"auto\" data-orig-sizes=\"(max-width: 800px) 100vw, 250px\" \/><\/span><\/div><\/div><div class=\"fusion-sep-clear\"><\/div><div class=\"fusion-separator fusion-full-width-sep\" style=\"margin-left: auto;margin-right: auto;margin-bottom:30PX;width:100%;\"><\/div><div class=\"fusion-sep-clear\"><\/div><div class=\"fusion-text fusion-text-2\"><p style=\"text-align: center;\">UWE HERING<br \/>\nCEO &amp; Founder, Sales, Marketing<\/p>\n<p style=\"text-align: left;\">Uwe gr\u00fcndete myLike aus dem Wunsch heraus, vertrauensw\u00fcrdige Tipps zu erhalten und zu teilen \u2013 ohne Daten\u00fcberflutung und unter Schutz der eigenen Privatsph\u00e4re.<\/p>\n<p>Nach dem Studium der Elektrotechnik hat Uwe international im Management von etablierten Unternehmen wie Infineon sowie innovativen Startups wie Multilink (Vitesse), Newlogic (Wipro), CoreOptics (Cisco) und Odersun gearbeitet. Die Erfahrungen im Vertrieb, Marketing und Management von komplexen Produkten in internationalen M\u00e4rkten helfen Uwe in unserer vernetzten Welt global zu denken. Uwe lebte 3 Jahre im Silicon Valley, er liebt es zu reisen und treibt gerne Sport.<\/p>\n<\/div><div class=\"fusion-clearfix\"><\/div><\/div><\/div><div class=\"fusion-layout-column fusion_builder_column fusion-builder-column-3 fusion_builder_column_1_3 1_3 fusion-one-third\" style=\"--awb-bg-size:cover;width:33.333333333333%;width:calc(33.333333333333% - ( ( 4% + 4% ) * 0.33333333333333 ) );margin-right: 4%;\"><div class=\"fusion-column-wrapper fusion-column-has-shadow fusion-flex-column-wrapper-legacy\"><div class=\"fusion-image-element fusion-image-align-center in-legacy-container\" style=\"text-align:center;--awb-max-width:180px;--awb-caption-title-font-family:var(--h2_typography-font-family);--awb-caption-title-font-weight:var(--h2_typography-font-weight);--awb-caption-title-font-style:var(--h2_typography-font-style);--awb-caption-title-size:var(--h2_typography-font-size);--awb-caption-title-transform:var(--h2_typography-text-transform);--awb-caption-title-line-height:var(--h2_typography-line-height);--awb-caption-title-letter-spacing:var(--h2_typography-letter-spacing);\"><div class=\"imageframe-align-center\"><span class=\" fusion-imageframe imageframe-none imageframe-2 hover-type-none\"><img decoding=\"async\" width=\"250\" height=\"250\" alt=\"Marc Schallehn\" title=\"team_marc\" src=\"https:\/\/mylike.io\/wp-content\/uploads\/2019\/12\/team_marc.png\" data-orig-src=\"https:\/\/mylike.io\/wp-content\/uploads\/2019\/12\/team_marc.png\" class=\"lazyload img-responsive wp-image-2815\" srcset=\"data:image\/svg+xml,%3Csvg%20xmlns%3D%27http%3A%2F%2Fwww.w3.org%2F2000%2Fsvg%27%20width%3D%27250%27%20height%3D%27250%27%20viewBox%3D%270%200%20250%20250%27%3E%3Crect%20width%3D%27250%27%20height%3D%27250%27%20fill-opacity%3D%220%22%2F%3E%3C%2Fsvg%3E\" data-srcset=\"https:\/\/mylike.io\/wp-content\/uploads\/2019\/12\/team_marc-200x200.png 200w, https:\/\/mylike.io\/wp-content\/uploads\/2019\/12\/team_marc.png 250w\" data-sizes=\"auto\" data-orig-sizes=\"(max-width: 800px) 100vw, 250px\" \/><\/span><\/div><\/div><div class=\"fusion-sep-clear\"><\/div><div class=\"fusion-separator fusion-full-width-sep\" style=\"margin-left: auto;margin-right: auto;margin-bottom:30PX;width:100%;\"><\/div><div class=\"fusion-sep-clear\"><\/div><div class=\"fusion-text fusion-text-3\"><p style=\"text-align: center;\">MARC SCHALLEHN<br \/>\nCTO, Co-Founder, Programming, IT<\/p>\n<p style=\"text-align: left;\">Marc war von Uwes Idee f\u00fcr myLike begeistert und ist seitdem f\u00fcr die technische Realisierung der Plattform zust\u00e4ndig.<\/p>\n<p>Er studierte an der Universit\u00e4t in M\u00fcnchen Informatik und ist seit \u00fcber 20 Jahren selbst\u00e4ndig in der Softwareentwicklung und IT Beratung sowohl f\u00fcr kleine Startups als auch gro\u00dfe Konzerne t\u00e4tig. Theoretisch hat er auch Hobbies, nur aktuell zu wenig Zeit um sich darum zu k\u00fcmmern.<\/p>\n<\/div><div class=\"fusion-clearfix\"><\/div><\/div><\/div><div class=\"fusion-layout-column fusion_builder_column fusion-builder-column-4 fusion_builder_column_1_3 1_3 fusion-one-third fusion-column-last\" style=\"--awb-bg-size:cover;width:33.333333333333%;width:calc(33.333333333333% - ( ( 4% + 4% ) * 0.33333333333333 ) );\"><div class=\"fusion-column-wrapper fusion-column-has-shadow fusion-flex-column-wrapper-legacy\"><div class=\"fusion-image-element fusion-image-align-center in-legacy-container\" style=\"text-align:center;--awb-max-width:180px;--awb-caption-title-font-family:var(--h2_typography-font-family);--awb-caption-title-font-weight:var(--h2_typography-font-weight);--awb-caption-title-font-style:var(--h2_typography-font-style);--awb-caption-title-size:var(--h2_typography-font-size);--awb-caption-title-transform:var(--h2_typography-text-transform);--awb-caption-title-line-height:var(--h2_typography-line-height);--awb-caption-title-letter-spacing:var(--h2_typography-letter-spacing);\"><div class=\"imageframe-align-center\"><span class=\" fusion-imageframe imageframe-none imageframe-3 hover-type-none\"><img decoding=\"async\" width=\"250\" height=\"250\" alt=\"Steffen Schwarzer\" title=\"Team_steffen\" src=\"https:\/\/mylike.io\/wp-content\/uploads\/2019\/12\/Team_steffen.png\" data-orig-src=\"https:\/\/mylike.io\/wp-content\/uploads\/2019\/12\/Team_steffen.png\" class=\"lazyload img-responsive wp-image-2819\" srcset=\"data:image\/svg+xml,%3Csvg%20xmlns%3D%27http%3A%2F%2Fwww.w3.org%2F2000%2Fsvg%27%20width%3D%27250%27%20height%3D%27250%27%20viewBox%3D%270%200%20250%20250%27%3E%3Crect%20width%3D%27250%27%20height%3D%27250%27%20fill-opacity%3D%220%22%2F%3E%3C%2Fsvg%3E\" data-srcset=\"https:\/\/mylike.io\/wp-content\/uploads\/2019\/12\/Team_steffen-200x200.png 200w, https:\/\/mylike.io\/wp-content\/uploads\/2019\/12\/Team_steffen.png 250w\" data-sizes=\"auto\" data-orig-sizes=\"(max-width: 800px) 100vw, 250px\" \/><\/span><\/div><\/div><div class=\"fusion-sep-clear\"><\/div><div class=\"fusion-separator fusion-full-width-sep\" style=\"margin-left: auto;margin-right: auto;margin-bottom:30PX;width:100%;\"><\/div><div class=\"fusion-sep-clear\"><\/div><div class=\"fusion-text fusion-text-4\"><p style=\"text-align: center;\">STEFFEN SCHWARZER<br \/>\nHead of Business Development<\/p>\n<p style=\"text-align: left;\">Nach den Betriebswirtschaftsstudium in Berlin hat sich Steffen profunde Kenntnisse im Business Development, Marketing und Produktmanagement angeeignet und zumeist Startups im Bereich Photovoltaik und Intelligente Netze sowie diverse BIPV Bauprojekte begleitet. Steffen hat f\u00fcr Firmen wie Odersun und Masdar PV (Mubadala) international agiert und zeitweise in den USA und den Arabischen Emiraten gelebt. Wenn er sich gerade nicht mit myLike besch\u00e4ftig, mag er gutes Essen, Reisen, alte Autos und Sport.<\/p>\n<\/div><div class=\"fusion-clearfix\"><\/div><\/div><\/div><\/div><\/div><div class=\"fusion-fullwidth fullwidth-box fusion-builder-row-3 fusion-parallax-none hundred-percent-fullwidth non-hundred-percent-height-scrolling lazyload\" style=\"--awb-border-radius-top-left:0px;--awb-border-radius-top-right:0px;--awb-border-radius-bottom-right:0px;--awb-border-radius-bottom-left:0px;--awb-padding-top:100px;--awb-padding-bottom:100px;--awb-margin-top:50px;--awb-background-size:cover;--awb-flex-wrap:wrap;\" data-bg=\"https:\/\/mylike.io\/wp-content\/uploads\/2019\/12\/myLike-Header-34.jpg\" ><div class=\"fusion-builder-row fusion-row\"><div class=\"fusion-layout-column fusion_builder_column fusion-builder-column-5 fusion_builder_column_1_1 1_1 fusion-one-full fusion-column-first fusion-column-last\" style=\"--awb-bg-size:cover;\"><div class=\"fusion-column-wrapper fusion-column-has-shadow fusion-flex-column-wrapper-legacy\"><div class=\"fusion-title title fusion-title-2 fusion-title-center fusion-title-text fusion-title-size-two\" style=\"--awb-text-color:#ffffff;--awb-margin-top-small:0px;--awb-margin-right-small:0px;--awb-margin-bottom-small:20px;--awb-margin-left-small:0px;--awb-sep-color:#fffcfc;\"><div class=\"title-sep-container title-sep-container-left\"><div class=\"title-sep sep-single sep-solid\" style=\"border-color:#fffcfc;\"><\/div><\/div><span class=\"awb-title-spacer\"><\/span><h2 class=\"fusion-title-heading title-heading-center\" style=\"margin:0;\">Presskit<\/h2><span class=\"awb-title-spacer\"><\/span><div class=\"title-sep-container title-sep-container-right\"><div class=\"title-sep sep-single sep-solid\" style=\"border-color:#fffcfc;\"><\/div><\/div><\/div><div class=\"fusion-sep-clear\"><\/div><div class=\"fusion-separator fusion-full-width-sep\" style=\"margin-left: auto;margin-right: auto;margin-bottom:30PX;width:100%;\"><\/div><div class=\"fusion-sep-clear\"><\/div><div class=\"fusion-aligncenter\"><a class=\"fusion-button button-flat fusion-button-default-size button-default fusion-button-default button-1 fusion-button-default-span fusion-button-default-type\" target=\"_blank\" rel=\"noopener noreferrer\" href=\"https:\/\/www.dropbox.com\/sh\/dmr0ruqxjtjevk5\/AAAP9kMqBmDkFpzsOafxF-4sa?dl=0\"><span class=\"fusion-button-text awb-button__text awb-button__text--default\">Download<\/span><\/a><\/div><div class=\"fusion-clearfix\"><\/div><\/div><\/div><\/div><\/div><\/p>\n","protected":false},"excerpt":{"rendered":"","protected":false},"author":2,"featured_media":0,"parent":0,"menu_order":0,"comment_status":"closed","ping_status":"closed","template":"100-width.php","meta":{"_seopress_robots_primary_cat":"","_seopress_titles_title":"","_seopress_titles_desc":"Im Jahr 2014 entstand die Idee von myLike mit der Vision, eine einfach zu bedienende mobile Plattform zu schaffen, die es den Nutzern erm\u00f6glicht, ihre Lieblingspl\u00e4tze mit ihren Freunden und Kunden einfach, jederzeit und \u00fcberall zu teilen.","_seopress_robots_index":"","footnotes":""},"class_list":["post-3154","page","type-page","status-publish","hentry"],"_links":{"self":[{"href":"https:\/\/mylike.io\/de\/wp-json\/wp\/v2\/pages\/3154","targetHints":{"allow":["GET"]}}],"collection":[{"href":"https:\/\/mylike.io\/de\/wp-json\/wp\/v2\/pages"}],"about":[{"href":"https:\/\/mylike.io\/de\/wp-json\/wp\/v2\/types\/page"}],"author":[{"embeddable":true,"href":"https:\/\/mylike.io\/de\/wp-json\/wp\/v2\/users\/2"}],"replies":[{"embeddable":true,"href":"https:\/\/mylike.io\/de\/wp-json\/wp\/v2\/comments?post=3154"}],"version-history":[{"count":3,"href":"https:\/\/mylike.io\/de\/wp-json\/wp\/v2\/pages\/3154\/revisions"}],"predecessor-version":[{"id":13977,"href":"https:\/\/mylike.io\/de\/wp-json\/wp\/v2\/pages\/3154\/revisions\/13977"}],"wp:attachment":[{"href":"https:\/\/mylike.io\/de\/wp-json\/wp\/v2\/media?parent=3154"}],"curies":[{"name":"wp","href":"https:\/\/api.w.org\/{rel}","templated":true}]}}